{"id":38264,"date":"2024-03-19T17:47:15","date_gmt":"2024-03-19T16:47:15","guid":{"rendered":"https:\/\/www.promotio.sk\/shop\/nezaraden\u00e9\/sebring\/"},"modified":"2024-03-19T17:50:09","modified_gmt":"2024-03-19T16:50:09","slug":"sebring","status":"publish","type":"product","link":"https:\/\/www.promotio.sk\/cs\/shop\/sports\/cam_sp\/sp_tshi\/sebring\/","title":{"rendered":"SEBRING"},"content":{"rendered":"<p>Technick\u00fd top pro \u017eeny. Prody\u0161n\u00e1 tkanina. Ram\u00ednka s ram\u00ednky v st\u0159ihu Racerback. Vysok\u00e1 opora.<br \/>\n<br \/>Slo\u017een\u00ed: 80% nylon \/ 20% interlock elastan, 220 g\/m\u00b2.<br \/>Pozn\u00e1mky: * Odn\u00edmateln\u00fd \u0161t\u00edtek.<br \/>\n* Technick\u00e1 tkanina.<br \/><img decoding=\"async\" src=\"https:\/\/static.gorfactory.es\/images\/models\/6665\/model\/large\/6665_165_4_1.jpg\"><\/p>","protected":false},"excerpt":{"rendered":"<p>Technical top for women. Breathable fabric. Racerback design straps. High support. Composition: 80% nylon \/ 20% interlock elastane, 220 gsm.Remarks:<\/p>","protected":false},"featured_media":38265,"comment_status":"open","ping_status":"closed","template":"","meta":[],"product_cat":[624,623],"product_tag":[],"class_list":{"0":"post-38264","1":"product","2":"type-product","3":"status-publish","4":"has-post-thumbnail","6":"product_cat-sp_tshi","7":"product_cat-cam_sp","9":"first","10":"instock","11":"shipping-taxable","12":"purchasable","13":"product-type-variable"},"_links":{"self":[{"href":"https:\/\/www.promotio.sk\/cs\/wp-json\/wp\/v2\/product\/38264","targetHints":{"allow":["GET"]}}],"collection":[{"href":"https:\/\/www.promotio.sk\/cs\/wp-json\/wp\/v2\/product"}],"about":[{"href":"https:\/\/www.promotio.sk\/cs\/wp-json\/wp\/v2\/types\/product"}],"replies":[{"embeddable":true,"href":"https:\/\/www.promotio.sk\/cs\/wp-json\/wp\/v2\/comments?post=38264"}],"wp:featuredmedia":[{"embeddable":true,"href":"https:\/\/www.promotio.sk\/cs\/wp-json\/wp\/v2\/media\/38265"}],"wp:attachment":[{"href":"https:\/\/www.promotio.sk\/cs\/wp-json\/wp\/v2\/media?parent=38264"}],"wp:term":[{"taxonomy":"product_cat","embeddable":true,"href":"https:\/\/www.promotio.sk\/cs\/wp-json\/wp\/v2\/product_cat?post=38264"},{"taxonomy":"product_tag","embeddable":true,"href":"https:\/\/www.promotio.sk\/cs\/wp-json\/wp\/v2\/product_tag?post=38264"}],"curies":[{"name":"wp","href":"https:\/\/api.w.org\/{rel}","templated":true}]}}