{"id":38051,"date":"2024-03-19T17:33:42","date_gmt":"2024-03-19T16:33:42","guid":{"rendered":"https:\/\/www.promotio.sk\/shop\/nezaraden\u00e9\/monzha-woman\/"},"modified":"2024-03-19T17:38:37","modified_gmt":"2024-03-19T16:38:37","slug":"monzha-woman","status":"publish","type":"product","link":"https:\/\/www.promotio.sk\/cs\/shop\/sports\/cam_sp\/monzha-woman\/","title":{"rendered":"MONZHA \u017dENA"},"content":{"rendered":"<p>D\u00e1msk\u00e9 technick\u00e9 polo tri\u010dko s kr\u00e1tk\u00fdm ruk\u00e1vem. Pleten\u00fd l\u00edmec s l\u00e9gou na t\u0159i knofl\u00edky. Vypasovan\u00fd st\u0159ih.<br \/>Slo\u017een\u00ed: 100% polyester piqu\u00e9, 150 gsm.<br \/>Pozn\u00e1mky: Prody\u0161n\u00e1, snadno omyvateln\u00e1 a such\u00e1 tkanina.<br \/>\n* Odn\u00edmateln\u00fd \u0161t\u00edtek.<br \/>\n*Technick\u00e1 tkanina.<br \/>\n* Prody\u0161n\u00e1 tkanina.<br \/>\n*Koncept dua.<br \/><img decoding=\"async\" src=\"https:\/\/static.gorfactory.es\/pics\/measures\/PO_MC_MU.jpg\"><\/p>","protected":false},"excerpt":{"rendered":"<p>Short-sleeve technical polo shirt for women. Knit collar with three-button placket. Fitted cut.Composition: 100% polyester piqu\u00e9, 150 gsm.Remarks: Breathable, easy<\/p>","protected":false},"featured_media":38052,"comment_status":"open","ping_status":"closed","template":"","meta":[],"product_cat":[626,623],"product_tag":[],"class_list":{"0":"post-38051","1":"product","2":"type-product","3":"status-publish","4":"has-post-thumbnail","6":"product_cat-sp_polshi","7":"product_cat-cam_sp","9":"first","10":"instock","11":"shipping-taxable","12":"purchasable","13":"product-type-variable"},"_links":{"self":[{"href":"https:\/\/www.promotio.sk\/cs\/wp-json\/wp\/v2\/product\/38051","targetHints":{"allow":["GET"]}}],"collection":[{"href":"https:\/\/www.promotio.sk\/cs\/wp-json\/wp\/v2\/product"}],"about":[{"href":"https:\/\/www.promotio.sk\/cs\/wp-json\/wp\/v2\/types\/product"}],"replies":[{"embeddable":true,"href":"https:\/\/www.promotio.sk\/cs\/wp-json\/wp\/v2\/comments?post=38051"}],"wp:featuredmedia":[{"embeddable":true,"href":"https:\/\/www.promotio.sk\/cs\/wp-json\/wp\/v2\/media\/38052"}],"wp:attachment":[{"href":"https:\/\/www.promotio.sk\/cs\/wp-json\/wp\/v2\/media?parent=38051"}],"wp:term":[{"taxonomy":"product_cat","embeddable":true,"href":"https:\/\/www.promotio.sk\/cs\/wp-json\/wp\/v2\/product_cat?post=38051"},{"taxonomy":"product_tag","embeddable":true,"href":"https:\/\/www.promotio.sk\/cs\/wp-json\/wp\/v2\/product_tag?post=38051"}],"curies":[{"name":"wp","href":"https:\/\/api.w.org\/{rel}","templated":true}]}}