{"id":38012,"date":"2024-03-19T17:31:20","date_gmt":"2024-03-19T16:31:20","guid":{"rendered":"https:\/\/www.promotio.sk\/shop\/nezaraden\u00e9\/tamil-woman\/"},"modified":"2024-03-19T17:33:41","modified_gmt":"2024-03-19T16:33:41","slug":"tamil-woman","status":"publish","type":"product","link":"https:\/\/www.promotio.sk\/cs\/shop\/sports\/cam_sp\/tamil-woman\/","title":{"rendered":"TAMILSK\u00c1 \u017dENA"},"content":{"rendered":"<p>D\u00e1msk\u00e9 p\u0159il\u00e9hav\u00e9 technick\u00e9 polo tri\u010dko s kr\u00e1tk\u00fdm ruk\u00e1vem z antibakteri\u00e1ln\u00edho recyklovan\u00e9ho polyesteru. \u017debrovan\u00fd l\u00edmec 1\u00d71 a detail na lemov\u00e1n\u00ed ruk\u00e1v\u016f. Zes\u00edlen\u00e9 skryt\u00e9 \u0161vy v l\u00edmci. Zap\u00edn\u00e1n\u00ed na 2 knofl\u00edky. Kontrastn\u00ed detaily a ramena. Bo\u010dn\u00ed rozparky na lemu.<br \/>\n<br \/>Slo\u017een\u00ed: 50% recyklovan\u00fd polyester \/ 50% antibakteri\u00e1ln\u00ed polyester.<br \/>\nBarva: 140 gsm.<br \/>\n0102 barva: 150 gsm.<br \/>\n<br \/>Pozn\u00e1mky: * Recyklovan\u00e1 tkanina.<br \/>\n* Antibakteri\u00e1ln\u00ed tkanina.<br \/>\n* Odn\u00edmateln\u00fd \u0161t\u00edtek.<br \/>\n<br \/><img decoding=\"async\" src=\"https:\/\/static.gorfactory.es\/pics\/measures\/PO_MC_MU.jpg\"><\/p>","protected":false},"excerpt":{"rendered":"<p>Fitted technical short-sleeve polo shirt for women in antibacterial recycled polyester. 1&#215;1 ribbed collar and detail in sleeves edging. Reinforced<\/p>","protected":false},"featured_media":38013,"comment_status":"open","ping_status":"closed","template":"","meta":[],"product_cat":[626,623],"product_tag":[],"class_list":{"0":"post-38012","1":"product","2":"type-product","3":"status-publish","4":"has-post-thumbnail","6":"product_cat-sp_polshi","7":"product_cat-cam_sp","9":"first","10":"instock","11":"shipping-taxable","12":"purchasable","13":"product-type-variable"},"_links":{"self":[{"href":"https:\/\/www.promotio.sk\/cs\/wp-json\/wp\/v2\/product\/38012","targetHints":{"allow":["GET"]}}],"collection":[{"href":"https:\/\/www.promotio.sk\/cs\/wp-json\/wp\/v2\/product"}],"about":[{"href":"https:\/\/www.promotio.sk\/cs\/wp-json\/wp\/v2\/types\/product"}],"replies":[{"embeddable":true,"href":"https:\/\/www.promotio.sk\/cs\/wp-json\/wp\/v2\/comments?post=38012"}],"wp:featuredmedia":[{"embeddable":true,"href":"https:\/\/www.promotio.sk\/cs\/wp-json\/wp\/v2\/media\/38013"}],"wp:attachment":[{"href":"https:\/\/www.promotio.sk\/cs\/wp-json\/wp\/v2\/media?parent=38012"}],"wp:term":[{"taxonomy":"product_cat","embeddable":true,"href":"https:\/\/www.promotio.sk\/cs\/wp-json\/wp\/v2\/product_cat?post=38012"},{"taxonomy":"product_tag","embeddable":true,"href":"https:\/\/www.promotio.sk\/cs\/wp-json\/wp\/v2\/product_tag?post=38012"}],"curies":[{"name":"wp","href":"https:\/\/api.w.org\/{rel}","templated":true}]}}