{"id":37808,"date":"2024-03-19T17:19:25","date_gmt":"2024-03-19T16:19:25","guid":{"rendered":"https:\/\/www.promotio.sk\/shop\/nezaraden\u00e9\/tamil\/"},"modified":"2024-03-19T17:23:20","modified_gmt":"2024-03-19T16:23:20","slug":"tamil","status":"publish","type":"product","link":"https:\/\/www.promotio.sk\/cs\/shop\/sports\/cam_sp\/tamil\/","title":{"rendered":"TAMIL"},"content":{"rendered":"<p>Technick\u00e9 p\u00e1nsk\u00e9 polo tri\u010dko s kr\u00e1tk\u00fdm ruk\u00e1vem z antibakteri\u00e1ln\u00edho recyklovan\u00e9ho polyesteru. 1\u00d71 \u017eebrovan\u00fd l\u00edmec a detail v lemov\u00e1n\u00ed ruk\u00e1v\u016f. Zes\u00edlen\u00e9 kryt\u00e9 \u0161vy v l\u00edmci. Zap\u00edn\u00e1n\u00ed na 2 skryt\u00e9 knofl\u00edky. Kontrastn\u00ed detaily a ramena. Bo\u010dn\u00ed rozparky na lemu.<br \/>Slo\u017een\u00ed: 50% recyklovan\u00fd polyester \/ 50% antibakteri\u00e1ln\u00ed polyester.<br \/>\nBarva: 140 gsm.<br \/>\n0102 barva: 150 gsm.<br \/>\n<br \/>Pozn\u00e1mky: * Recyklovan\u00e1 tkanina.<br \/>\n* Antibakteri\u00e1ln\u00ed tkanina.<br \/>\n* Odn\u00edmateln\u00fd \u0161t\u00edtek.<br \/>\n<br \/><img decoding=\"async\" src=\"https:\/\/static.gorfactory.es\/pics\/measures\/PO_MC_HO.jpg\"><\/p>","protected":false},"excerpt":{"rendered":"<p>Technical short-sleeve polo shirt in antibacterial recycled polyester for men. 1&#215;1 ribbed collar and detail in sleeves edging. Reinforced covered<\/p>","protected":false},"featured_media":37809,"comment_status":"open","ping_status":"closed","template":"","meta":[],"product_cat":[626,623],"product_tag":[],"class_list":{"0":"post-37808","1":"product","2":"type-product","3":"status-publish","4":"has-post-thumbnail","6":"product_cat-sp_polshi","7":"product_cat-cam_sp","9":"first","10":"instock","11":"shipping-taxable","12":"purchasable","13":"product-type-variable"},"_links":{"self":[{"href":"https:\/\/www.promotio.sk\/cs\/wp-json\/wp\/v2\/product\/37808","targetHints":{"allow":["GET"]}}],"collection":[{"href":"https:\/\/www.promotio.sk\/cs\/wp-json\/wp\/v2\/product"}],"about":[{"href":"https:\/\/www.promotio.sk\/cs\/wp-json\/wp\/v2\/types\/product"}],"replies":[{"embeddable":true,"href":"https:\/\/www.promotio.sk\/cs\/wp-json\/wp\/v2\/comments?post=37808"}],"wp:featuredmedia":[{"embeddable":true,"href":"https:\/\/www.promotio.sk\/cs\/wp-json\/wp\/v2\/media\/37809"}],"wp:attachment":[{"href":"https:\/\/www.promotio.sk\/cs\/wp-json\/wp\/v2\/media?parent=37808"}],"wp:term":[{"taxonomy":"product_cat","embeddable":true,"href":"https:\/\/www.promotio.sk\/cs\/wp-json\/wp\/v2\/product_cat?post=37808"},{"taxonomy":"product_tag","embeddable":true,"href":"https:\/\/www.promotio.sk\/cs\/wp-json\/wp\/v2\/product_tag?post=37808"}],"curies":[{"name":"wp","href":"https:\/\/api.w.org\/{rel}","templated":true}]}}