{"id":37645,"date":"2024-03-19T17:09:37","date_gmt":"2024-03-19T16:09:37","guid":{"rendered":"https:\/\/www.promotio.sk\/shop\/nezaraden\u00e9\/shura\/"},"modified":"2024-03-19T17:13:10","modified_gmt":"2024-03-19T16:13:10","slug":"shura","status":"publish","type":"product","link":"https:\/\/www.promotio.sk\/cs\/shop\/sports\/cam_sp\/sp_tshi\/shura\/","title":{"rendered":"SHURA"},"content":{"rendered":"<p>Technick\u00e9 tri\u010dko s \u017eebrovan\u00fdmi pr\u016framky a v\u00fdst\u0159ihem. Racerback a bo\u010dn\u00ed \u0161vy. <br \/>Slo\u017een\u00ed: 100% polyester pik\u00e9. 140 gsm.<br \/>Pozn\u00e1mky: *Prody\u0161n\u00e1, snadno omyvateln\u00e1 a such\u00e1 tkanina.<br \/>\n* Odn\u00edmateln\u00fd \u0161t\u00edtek.<br \/>\n*Technick\u00e1 tkanina.<br \/>\n<br \/><img decoding=\"async\" src=\"https:\/\/static.gorfactory.es\/pics\/measures\/PD0349.jpg\"><\/p>","protected":false},"excerpt":{"rendered":"<p>Technical t-shirt with ribbed armholes and neckline. Racerback and side seams. Composition: 100% polyester piqu\u00e9. 140 gsm.Remarks: *Breathable, easy wash<\/p>","protected":false},"featured_media":37646,"comment_status":"open","ping_status":"closed","template":"","meta":[],"product_cat":[624,623],"product_tag":[],"class_list":{"0":"post-37645","1":"product","2":"type-product","3":"status-publish","4":"has-post-thumbnail","6":"product_cat-sp_tshi","7":"product_cat-cam_sp","9":"first","10":"instock","11":"shipping-taxable","12":"purchasable","13":"product-type-variable"},"_links":{"self":[{"href":"https:\/\/www.promotio.sk\/cs\/wp-json\/wp\/v2\/product\/37645","targetHints":{"allow":["GET"]}}],"collection":[{"href":"https:\/\/www.promotio.sk\/cs\/wp-json\/wp\/v2\/product"}],"about":[{"href":"https:\/\/www.promotio.sk\/cs\/wp-json\/wp\/v2\/types\/product"}],"replies":[{"embeddable":true,"href":"https:\/\/www.promotio.sk\/cs\/wp-json\/wp\/v2\/comments?post=37645"}],"wp:featuredmedia":[{"embeddable":true,"href":"https:\/\/www.promotio.sk\/cs\/wp-json\/wp\/v2\/media\/37646"}],"wp:attachment":[{"href":"https:\/\/www.promotio.sk\/cs\/wp-json\/wp\/v2\/media?parent=37645"}],"wp:term":[{"taxonomy":"product_cat","embeddable":true,"href":"https:\/\/www.promotio.sk\/cs\/wp-json\/wp\/v2\/product_cat?post=37645"},{"taxonomy":"product_tag","embeddable":true,"href":"https:\/\/www.promotio.sk\/cs\/wp-json\/wp\/v2\/product_tag?post=37645"}],"curies":[{"name":"wp","href":"https:\/\/api.w.org\/{rel}","templated":true}]}}