{"id":37547,"date":"2024-03-19T17:03:50","date_gmt":"2024-03-19T16:03:50","guid":{"rendered":"https:\/\/www.promotio.sk\/shop\/nezaraden\u00e9\/juve\/"},"modified":"2024-03-19T17:09:29","modified_gmt":"2024-03-19T16:09:29","slug":"juve","status":"publish","type":"product","link":"https:\/\/www.promotio.sk\/cs\/shop\/sports\/equip\/juve\/","title":{"rendered":"JUVE"},"content":{"rendered":"<p>Unisex sportovn\u00ed sada sest\u00e1vaj\u00edc\u00ed ze 2 tri\u010dek a 1 p\u00e1ru kra\u0165as\u016f.<br \/>\n1. T-shirts with printed semi-raglan sleeves.<br \/>\n2. Crew neck with tricot on the back.<br \/>\n3. The colour of the second t-shirt is designed in the opposite way.<br \/>\n4. Elastic waistband in shorts with matching inner drawcord with security stitching.<br \/>\n5. Shorts with contrasting side stripe and slits on hem.<br \/>\n<br \/>Slo\u017een\u00ed: polyester 100%, 140 g\/m\u00b2.<br \/>Remarks: Set without socks.<br \/>\n* Odn\u00edmateln\u00fd \u0161t\u00edtek.<br \/>\n*Technick\u00e1 tkanina.<br \/>\n*Prody\u0161n\u00fd model.<br \/>\n*Set of several pieces.<br \/>\n*3 roky v katalogu.<br \/>\n<br \/><img decoding=\"async\" src=\"https:\/\/static.gorfactory.es\/pics\/measures\/CJ_HO.jpg\"><\/p>","protected":false},"excerpt":{"rendered":"<p>Unisex sports set consisting of 2 t-shirts + 1 pair of shorts. 1. T-shirts with printed semi-raglan sleeves. 2. Crew<\/p>","protected":false},"featured_media":37548,"comment_status":"open","ping_status":"closed","template":"","meta":[],"product_cat":[631],"product_tag":[],"class_list":{"0":"post-37547","1":"product","2":"type-product","3":"status-publish","4":"has-post-thumbnail","6":"product_cat-equip","8":"first","9":"instock","10":"shipping-taxable","11":"purchasable","12":"product-type-variable"},"_links":{"self":[{"href":"https:\/\/www.promotio.sk\/cs\/wp-json\/wp\/v2\/product\/37547","targetHints":{"allow":["GET"]}}],"collection":[{"href":"https:\/\/www.promotio.sk\/cs\/wp-json\/wp\/v2\/product"}],"about":[{"href":"https:\/\/www.promotio.sk\/cs\/wp-json\/wp\/v2\/types\/product"}],"replies":[{"embeddable":true,"href":"https:\/\/www.promotio.sk\/cs\/wp-json\/wp\/v2\/comments?post=37547"}],"wp:featuredmedia":[{"embeddable":true,"href":"https:\/\/www.promotio.sk\/cs\/wp-json\/wp\/v2\/media\/37548"}],"wp:attachment":[{"href":"https:\/\/www.promotio.sk\/cs\/wp-json\/wp\/v2\/media?parent=37547"}],"wp:term":[{"taxonomy":"product_cat","embeddable":true,"href":"https:\/\/www.promotio.sk\/cs\/wp-json\/wp\/v2\/product_cat?post=37547"},{"taxonomy":"product_tag","embeddable":true,"href":"https:\/\/www.promotio.sk\/cs\/wp-json\/wp\/v2\/product_tag?post=37547"}],"curies":[{"name":"wp","href":"https:\/\/api.w.org\/{rel}","templated":true}]}}