{"id":37457,"date":"2024-03-19T16:58:33","date_gmt":"2024-03-19T15:58:33","guid":{"rendered":"https:\/\/www.promotio.sk\/shop\/nezaraden\u00e9\/united\/"},"modified":"2024-03-19T17:03:48","modified_gmt":"2024-03-19T16:03:48","slug":"united","status":"publish","type":"product","link":"https:\/\/www.promotio.sk\/cs\/shop\/sports\/equip\/united\/","title":{"rendered":"SJEDNOCEN\u00dd"},"content":{"rendered":"<p>Sportovn\u00ed set s tri\u010dkem a kra\u0165asy.<br \/>\n1. Tri\u010dko s dvojit\u00fdm l\u00edmcem ve fantasy stylu, v\u00fdst\u0159ihem do V a zes\u00edlen\u00fdmi kryt\u00fdmi \u0161vy.<br \/>\n2. Rameno s kontrastn\u00edm ozdobn\u00fdm \u017eebrov\u00e1n\u00edm.<br \/>\n3.- Kr\u00e1tk\u00fd ruk\u00e1v s kontrastn\u00edm \u017eebrovan\u00fdm rozparkem a lemov\u00e1n\u00edm.<br \/>\n4. Kra\u0165asy s elastick\u00fdm pasem, nastavitelnou stahovac\u00ed \u0161\u0148\u016frkou a bezpe\u010dnostn\u00edm pro\u0161it\u00edm pro upevn\u011bn\u00ed \u0161\u0148\u016frky.<br \/>Slo\u017een\u00ed: polyester 100%, 140 g\/m\u00b2.<br \/>Pozn\u00e1mky: *Sada bez pono\u017eek.<br \/>\n* Odn\u00edmateln\u00fd \u0161t\u00edtek.<br \/>\n* Prody\u0161n\u00e1 tkanina.<br \/>\n*Sada 2 kus\u016f.<br \/>\n*Dostupn\u00e9 v d\u011btsk\u00fdch velikostech.<br \/>\n*3 roky v katalogu.<br \/><img decoding=\"async\" src=\"https:\/\/static.gorfactory.es\/pics\/measures\/CJ_HO.jpg\"><\/p>","protected":false},"excerpt":{"rendered":"<p>Sports set with t-shirt and shorts. 1.- T-shirt with fantasy double collar in v-neck finish and reinforced covered seams. 2.-<\/p>","protected":false},"featured_media":37458,"comment_status":"open","ping_status":"closed","template":"","meta":[],"product_cat":[631],"product_tag":[],"class_list":{"0":"post-37457","1":"product","2":"type-product","3":"status-publish","4":"has-post-thumbnail","6":"product_cat-equip","8":"first","9":"instock","10":"shipping-taxable","11":"purchasable","12":"product-type-variable"},"_links":{"self":[{"href":"https:\/\/www.promotio.sk\/cs\/wp-json\/wp\/v2\/product\/37457","targetHints":{"allow":["GET"]}}],"collection":[{"href":"https:\/\/www.promotio.sk\/cs\/wp-json\/wp\/v2\/product"}],"about":[{"href":"https:\/\/www.promotio.sk\/cs\/wp-json\/wp\/v2\/types\/product"}],"replies":[{"embeddable":true,"href":"https:\/\/www.promotio.sk\/cs\/wp-json\/wp\/v2\/comments?post=37457"}],"wp:featuredmedia":[{"embeddable":true,"href":"https:\/\/www.promotio.sk\/cs\/wp-json\/wp\/v2\/media\/37458"}],"wp:attachment":[{"href":"https:\/\/www.promotio.sk\/cs\/wp-json\/wp\/v2\/media?parent=37457"}],"wp:term":[{"taxonomy":"product_cat","embeddable":true,"href":"https:\/\/www.promotio.sk\/cs\/wp-json\/wp\/v2\/product_cat?post=37457"},{"taxonomy":"product_tag","embeddable":true,"href":"https:\/\/www.promotio.sk\/cs\/wp-json\/wp\/v2\/product_tag?post=37457"}],"curies":[{"name":"wp","href":"https:\/\/api.w.org\/{rel}","templated":true}]}}