{"id":37383,"date":"2024-03-19T16:54:12","date_gmt":"2024-03-19T15:54:12","guid":{"rendered":"https:\/\/www.promotio.sk\/shop\/nezaraden\u00e9\/racing\/"},"modified":"2024-03-19T16:58:30","modified_gmt":"2024-03-19T15:58:30","slug":"racing","status":"publish","type":"product","link":"https:\/\/www.promotio.sk\/cs\/shop\/sports\/equip\/racing\/","title":{"rendered":"Z\u00c1VOD\u011aN\u00cd"},"content":{"rendered":"<p>Unisex sportovn\u00ed sada sest\u00e1vaj\u00edc\u00ed ze 2 tri\u010dek a 1 p\u00e1ru kra\u0165as\u016f.<br \/>\n1.- Kr\u00e1tk\u00e9 ruk\u00e1vy s \u0161irok\u00fdm kontrastn\u00edm \u017eebrov\u00e1n\u00edm.<br \/>\n2. Barva druh\u00e9ho tri\u010dka je zkombinov\u00e1na opa\u010dn\u011b.<br \/>\n3.- Kulat\u00fd v\u00fdst\u0159ih s dvoubarevn\u00fdm \u017eebrov\u00e1n\u00edm a zes\u00edlen\u00fdmi kryt\u00fdmi vnit\u0159n\u00edmi \u0161vy.<br \/>\n4. Kra\u0165asy s elastick\u00fdm pasem, slad\u011bnou vnit\u0159n\u00ed stahovac\u00ed \u0161\u0148\u016frkou a bezpe\u010dnostn\u00edm pro\u0161it\u00edm.<br \/>Slo\u017een\u00ed: polyester 100%, 140 g\/m\u00b2.<br \/>Pozn\u00e1mky: *Sada bez pono\u017eek.<br \/>\n* Odn\u00edmateln\u00fd \u0161t\u00edtek.<br \/>\n*Sada 3 kus\u016f.<br \/>\n*Dostupn\u00e9 v d\u011btsk\u00fdch velikostech.<br \/>\n*3 roky v katalogu.<br \/><img decoding=\"async\" src=\"https:\/\/static.gorfactory.es\/pics\/measures\/CJ_HO.jpg\"><\/p>","protected":false},"excerpt":{"rendered":"<p>Unisex sports set consisting of 2 t-shirts + 1 pair of shorts. 1.- Short-sleeves with wide contrasting rib. 2.- The<\/p>","protected":false},"featured_media":37384,"comment_status":"open","ping_status":"closed","template":"","meta":[],"product_cat":[631],"product_tag":[],"class_list":{"0":"post-37383","1":"product","2":"type-product","3":"status-publish","4":"has-post-thumbnail","6":"product_cat-equip","8":"first","9":"instock","10":"shipping-taxable","11":"purchasable","12":"product-type-variable"},"_links":{"self":[{"href":"https:\/\/www.promotio.sk\/cs\/wp-json\/wp\/v2\/product\/37383","targetHints":{"allow":["GET"]}}],"collection":[{"href":"https:\/\/www.promotio.sk\/cs\/wp-json\/wp\/v2\/product"}],"about":[{"href":"https:\/\/www.promotio.sk\/cs\/wp-json\/wp\/v2\/types\/product"}],"replies":[{"embeddable":true,"href":"https:\/\/www.promotio.sk\/cs\/wp-json\/wp\/v2\/comments?post=37383"}],"wp:featuredmedia":[{"embeddable":true,"href":"https:\/\/www.promotio.sk\/cs\/wp-json\/wp\/v2\/media\/37384"}],"wp:attachment":[{"href":"https:\/\/www.promotio.sk\/cs\/wp-json\/wp\/v2\/media?parent=37383"}],"wp:term":[{"taxonomy":"product_cat","embeddable":true,"href":"https:\/\/www.promotio.sk\/cs\/wp-json\/wp\/v2\/product_cat?post=37383"},{"taxonomy":"product_tag","embeddable":true,"href":"https:\/\/www.promotio.sk\/cs\/wp-json\/wp\/v2\/product_tag?post=37383"}],"curies":[{"name":"wp","href":"https:\/\/api.w.org\/{rel}","templated":true}]}}