{"id":37289,"date":"2024-03-19T16:48:35","date_gmt":"2024-03-19T15:48:35","guid":{"rendered":"https:\/\/www.promotio.sk\/shop\/nezaraden\u00e9\/boca\/"},"modified":"2024-03-19T16:54:10","modified_gmt":"2024-03-19T15:54:10","slug":"boca","status":"publish","type":"product","link":"https:\/\/www.promotio.sk\/cs\/shop\/sports\/equip\/boca\/","title":{"rendered":"BOCA"},"content":{"rendered":"<p>Unisex sportovn\u00ed set v kombinaci t\u0159\u00ed l\u00e1tek:<br \/>\n1. Tri\u010dko s l\u00edme\u010dkem a zap\u00edn\u00e1n\u00edm na patentky.<br \/>\n2. Vnit\u0159ek ruk\u00e1vu z prody\u0161n\u00e9 l\u00e1tky.<br \/>\n3. Bo\u010dn\u00ed panely a horn\u00ed lem ruk\u00e1v\u016f z tkaniny Control-Dry.<br \/>\n4. \u0160ortky s nastaviteln\u00fdm pasem a stahovac\u00ed \u0161\u0148\u016frkou.<br \/>\n5. Kontrastn\u00ed vnit\u0159n\u00ed \u010d\u00e1st nohy a \u017eebra z tkaniny Control-Dry.<br \/>Slo\u017een\u00ed: Hlavn\u00ed tkanina: 100% polyester.<br \/>\nPanely: 100% mikroperforovan\u00fd polyester a 100% polyesterov\u00fd vaflov\u00fd proplet.<br \/>\n140 gsm.<br \/>Pozn\u00e1mky: * Odn\u00edmateln\u00fd \u0161t\u00edtek.<br \/>\n* Prody\u0161n\u00fd model<br \/>\n* Dostupn\u00e9 v d\u011btsk\u00fdch velikostech.<br \/>\n* Trv\u00e1n\u00ed v katalogu 3 roky.<br \/><img decoding=\"async\" src=\"https:\/\/static.gorfactory.es\/pics\/measures\/CJ_HO.jpg\"><\/p>","protected":false},"excerpt":{"rendered":"<p>Unisex sports set in a combination of three fabrics: 1. T-shirt with collar and snap button fastening. 2. Interior of<\/p>","protected":false},"featured_media":37290,"comment_status":"open","ping_status":"closed","template":"","meta":[],"product_cat":[631],"product_tag":[],"class_list":{"0":"post-37289","1":"product","2":"type-product","3":"status-publish","4":"has-post-thumbnail","6":"product_cat-equip","8":"first","9":"instock","10":"shipping-taxable","11":"purchasable","12":"product-type-variable"},"_links":{"self":[{"href":"https:\/\/www.promotio.sk\/cs\/wp-json\/wp\/v2\/product\/37289","targetHints":{"allow":["GET"]}}],"collection":[{"href":"https:\/\/www.promotio.sk\/cs\/wp-json\/wp\/v2\/product"}],"about":[{"href":"https:\/\/www.promotio.sk\/cs\/wp-json\/wp\/v2\/types\/product"}],"replies":[{"embeddable":true,"href":"https:\/\/www.promotio.sk\/cs\/wp-json\/wp\/v2\/comments?post=37289"}],"wp:featuredmedia":[{"embeddable":true,"href":"https:\/\/www.promotio.sk\/cs\/wp-json\/wp\/v2\/media\/37290"}],"wp:attachment":[{"href":"https:\/\/www.promotio.sk\/cs\/wp-json\/wp\/v2\/media?parent=37289"}],"wp:term":[{"taxonomy":"product_cat","embeddable":true,"href":"https:\/\/www.promotio.sk\/cs\/wp-json\/wp\/v2\/product_cat?post=37289"},{"taxonomy":"product_tag","embeddable":true,"href":"https:\/\/www.promotio.sk\/cs\/wp-json\/wp\/v2\/product_tag?post=37289"}],"curies":[{"name":"wp","href":"https:\/\/api.w.org\/{rel}","templated":true}]}}