{"id":37197,"date":"2024-03-19T16:43:29","date_gmt":"2024-03-19T15:43:29","guid":{"rendered":"https:\/\/www.promotio.sk\/shop\/nezaraden\u00e9\/creta\/"},"modified":"2024-03-19T16:48:33","modified_gmt":"2024-03-19T15:48:33","slug":"creta","status":"publish","type":"product","link":"https:\/\/www.promotio.sk\/cs\/shop\/sports\/chnd\/creta\/","title":{"rendered":"KRETA"},"content":{"rendered":"<p>Tracksuit with jacket and pants:<br \/>\n1. High neck with matching interior covered seam.<br \/>\n2. 1&#215;1 rib in collar, cuffs and hem.<br \/>\n3. Central zip with puller.<br \/>\n4. Side jacket pockets with zips.<br \/>\n5. Contrasting side stripes.<br \/>\n6. Pants with elastic waist and adjustable drawcord.<br \/>\n7. Two side pockets.<br \/>\n8. Back pocket with zip.<br \/>\n9. 1&#215;1 rib in bottom cuffs.<br \/>Composition: 100% polyester, plain acetate fabric, 210 gsm.<br \/>Pozn\u00e1mky: * Odn\u00edmateln\u00fd \u0161t\u00edtek.<br \/>\n* Dostupn\u00e9 v d\u011btsk\u00fdch velikostech.<br \/>\n* Trv\u00e1n\u00ed v katalogu 3 roky.<br \/><img decoding=\"async\" src=\"https:\/\/static.gorfactory.es\/pics\/measures\/CH_HO.jpg\"><\/p>","protected":false},"excerpt":{"rendered":"<p>Tracksuit with jacket and pants: 1. High neck with matching interior covered seam. 2. 1&#215;1 rib in collar, cuffs and<\/p>","protected":false},"featured_media":37198,"comment_status":"open","ping_status":"closed","template":"","meta":[],"product_cat":[625],"product_tag":[],"class_list":{"0":"post-37197","1":"product","2":"type-product","3":"status-publish","4":"has-post-thumbnail","6":"product_cat-chnd","8":"first","9":"instock","10":"shipping-taxable","11":"purchasable","12":"product-type-variable"},"_links":{"self":[{"href":"https:\/\/www.promotio.sk\/cs\/wp-json\/wp\/v2\/product\/37197","targetHints":{"allow":["GET"]}}],"collection":[{"href":"https:\/\/www.promotio.sk\/cs\/wp-json\/wp\/v2\/product"}],"about":[{"href":"https:\/\/www.promotio.sk\/cs\/wp-json\/wp\/v2\/types\/product"}],"replies":[{"embeddable":true,"href":"https:\/\/www.promotio.sk\/cs\/wp-json\/wp\/v2\/comments?post=37197"}],"wp:featuredmedia":[{"embeddable":true,"href":"https:\/\/www.promotio.sk\/cs\/wp-json\/wp\/v2\/media\/37198"}],"wp:attachment":[{"href":"https:\/\/www.promotio.sk\/cs\/wp-json\/wp\/v2\/media?parent=37197"}],"wp:term":[{"taxonomy":"product_cat","embeddable":true,"href":"https:\/\/www.promotio.sk\/cs\/wp-json\/wp\/v2\/product_cat?post=37197"},{"taxonomy":"product_tag","embeddable":true,"href":"https:\/\/www.promotio.sk\/cs\/wp-json\/wp\/v2\/product_tag?post=37197"}],"curies":[{"name":"wp","href":"https:\/\/api.w.org\/{rel}","templated":true}]}}