{"id":37030,"date":"2024-03-19T16:34:04","date_gmt":"2024-03-19T15:34:04","guid":{"rendered":"https:\/\/www.promotio.sk\/shop\/nezaraden\u00e9\/athenas\/"},"modified":"2024-03-19T16:37:36","modified_gmt":"2024-03-19T15:37:36","slug":"athenas","status":"publish","type":"product","link":"https:\/\/www.promotio.sk\/cs\/shop\/sports\/chnd\/athenas\/","title":{"rendered":"AT\u00c9NY"},"content":{"rendered":"<p>Tepl\u00e1kov\u00e1 souprava s bundou a kalhotami.<br \/>\n1. Rol\u00e1k.<br \/>\n2.- Lemovan\u00e9 p\u0159edn\u00ed kapsy.<br \/>\n3. \u017debrov\u00e1n\u00ed 1\u00d71 na man\u017eet\u00e1ch a v pase.<br \/>\n4. Centr\u00e1ln\u00ed zip s ozdobn\u00fdmi kontrastn\u00edmi kryt\u00fdmi \u0161vy.<br \/>\n5. Kalhoty s elastick\u00fdm pasem a nastavitelnou stahovac\u00ed \u0161\u0148\u016frkou s bezpe\u010dnostn\u00edm pro\u0161it\u00edm a dv\u011bma bo\u010dn\u00edmi kapsami se \u0161irok\u00fdm \u017eebrov\u00e1n\u00edm.<br \/>\n6. Pohodln\u00e1 vnit\u0159n\u00ed sametov\u00e1 tkanina.<br \/>Slo\u017een\u00ed: polyester 100%, acet\u00e1tov\u00e1 tkanina, 210 g\/m\u00b2.<br \/>Pozn\u00e1mky: *Odn\u00edmateln\u00fd \u0161t\u00edtek.<br \/>\n*2d\u00edln\u00e1 sada<br \/>\n*Dostupn\u00e9 v d\u011btsk\u00fdch velikostech.<br \/>\n<br \/><img decoding=\"async\" src=\"https:\/\/static.gorfactory.es\/pics\/measures\/CH_HO.jpg\"><\/p>","protected":false},"excerpt":{"rendered":"<p>Tracksuit with jacket and trousers. 1.- Turtleneck. 2.- Trimmed front pockets. 3.- 1&#215;1 rib in cuffs and waist. 4.- Central<\/p>","protected":false},"featured_media":37031,"comment_status":"open","ping_status":"closed","template":"","meta":[],"product_cat":[625],"product_tag":[],"class_list":{"0":"post-37030","1":"product","2":"type-product","3":"status-publish","4":"has-post-thumbnail","6":"product_cat-chnd","8":"first","9":"instock","10":"shipping-taxable","11":"purchasable","12":"product-type-variable"},"_links":{"self":[{"href":"https:\/\/www.promotio.sk\/cs\/wp-json\/wp\/v2\/product\/37030","targetHints":{"allow":["GET"]}}],"collection":[{"href":"https:\/\/www.promotio.sk\/cs\/wp-json\/wp\/v2\/product"}],"about":[{"href":"https:\/\/www.promotio.sk\/cs\/wp-json\/wp\/v2\/types\/product"}],"replies":[{"embeddable":true,"href":"https:\/\/www.promotio.sk\/cs\/wp-json\/wp\/v2\/comments?post=37030"}],"wp:featuredmedia":[{"embeddable":true,"href":"https:\/\/www.promotio.sk\/cs\/wp-json\/wp\/v2\/media\/37031"}],"wp:attachment":[{"href":"https:\/\/www.promotio.sk\/cs\/wp-json\/wp\/v2\/media?parent=37030"}],"wp:term":[{"taxonomy":"product_cat","embeddable":true,"href":"https:\/\/www.promotio.sk\/cs\/wp-json\/wp\/v2\/product_cat?post=37030"},{"taxonomy":"product_tag","embeddable":true,"href":"https:\/\/www.promotio.sk\/cs\/wp-json\/wp\/v2\/product_tag?post=37030"}],"curies":[{"name":"wp","href":"https:\/\/api.w.org\/{rel}","templated":true}]}}