{"id":36938,"date":"2024-03-19T16:28:49","date_gmt":"2024-03-19T15:28:49","guid":{"rendered":"https:\/\/www.promotio.sk\/shop\/nezaraden\u00e9\/esparta\/"},"modified":"2024-03-19T16:34:00","modified_gmt":"2024-03-19T15:34:00","slug":"esparta","status":"publish","type":"product","link":"https:\/\/www.promotio.sk\/cs\/shop\/sports\/chnd\/esparta\/","title":{"rendered":"ESPARTA"},"content":{"rendered":"<p>Tepl\u00e1kov\u00e1 souprava s bundou a kalhotami.<br \/>\n1.- High collar with zip protector.<br \/>\n2.- Front pockets with contrasting rib.<br \/>\n3.- 1&#215;1 contrasting rib in cuffs and waist.<br \/>\n4.- Central zip with  covered seams.<br \/>\n5.- Trouser with elastic waistband and adjustable drawcord with safety stitching. Two side pockets with  wide rib.<br \/>\n6.- Comfortable velvet lining.<br \/>\n7.- Zip on bottom leg.<br \/>Slo\u017een\u00ed: polyester 100%, acet\u00e1tov\u00e1 tkanina, 210 g\/m\u00b2.<br \/>Pozn\u00e1mky: *Odn\u00edmateln\u00fd \u0161t\u00edtek.<br \/>\n*Set with different pieces.<br \/>\n*Dostupn\u00e9 v d\u011btsk\u00fdch velikostech.<br \/>\n*3 roky v katalogu.<br \/><img decoding=\"async\" src=\"https:\/\/static.gorfactory.es\/pics\/measures\/CH_HO.jpg\"><\/p>","protected":false},"excerpt":{"rendered":"<p>Tracksuit with jacket and trousers. 1.- High collar with zip protector. 2.- Front pockets with contrasting rib. 3.- 1&#215;1 contrasting<\/p>","protected":false},"featured_media":36939,"comment_status":"open","ping_status":"closed","template":"","meta":[],"product_cat":[625],"product_tag":[],"class_list":{"0":"post-36938","1":"product","2":"type-product","3":"status-publish","4":"has-post-thumbnail","6":"product_cat-chnd","8":"first","9":"instock","10":"shipping-taxable","11":"purchasable","12":"product-type-variable"},"_links":{"self":[{"href":"https:\/\/www.promotio.sk\/cs\/wp-json\/wp\/v2\/product\/36938","targetHints":{"allow":["GET"]}}],"collection":[{"href":"https:\/\/www.promotio.sk\/cs\/wp-json\/wp\/v2\/product"}],"about":[{"href":"https:\/\/www.promotio.sk\/cs\/wp-json\/wp\/v2\/types\/product"}],"replies":[{"embeddable":true,"href":"https:\/\/www.promotio.sk\/cs\/wp-json\/wp\/v2\/comments?post=36938"}],"wp:featuredmedia":[{"embeddable":true,"href":"https:\/\/www.promotio.sk\/cs\/wp-json\/wp\/v2\/media\/36939"}],"wp:attachment":[{"href":"https:\/\/www.promotio.sk\/cs\/wp-json\/wp\/v2\/media?parent=36938"}],"wp:term":[{"taxonomy":"product_cat","embeddable":true,"href":"https:\/\/www.promotio.sk\/cs\/wp-json\/wp\/v2\/product_cat?post=36938"},{"taxonomy":"product_tag","embeddable":true,"href":"https:\/\/www.promotio.sk\/cs\/wp-json\/wp\/v2\/product_tag?post=36938"}],"curies":[{"name":"wp","href":"https:\/\/api.w.org\/{rel}","templated":true}]}}