{"id":36827,"date":"2024-03-19T16:21:17","date_gmt":"2024-03-19T15:21:17","guid":{"rendered":"https:\/\/www.promotio.sk\/shop\/nezaraden\u00e9\/zolder-woman\/"},"modified":"2024-03-19T16:24:32","modified_gmt":"2024-03-19T15:24:32","slug":"zolder-woman","status":"publish","type":"product","link":"https:\/\/www.promotio.sk\/cs\/shop\/sports\/cam_sp\/sp_tshi\/zolder-woman\/","title":{"rendered":"ZOLDEROV\u00c1 \u017dENA"},"content":{"rendered":"<p>Technick\u00e9 tri\u010dko s kr\u00e1tk\u00fdm ruk\u00e1vem.<br \/>\n1.- Kulat\u00fd v\u00fdst\u0159ih.<br \/>\n2. Kombinace dvou polyesterov\u00fdch l\u00e1tek na z\u00e1dech, ramenou a ruk\u00e1vech.<br \/>\n3.- L\u00e1tka s motivem pta\u010d\u00edho oka vp\u0159edu a l\u00e1tka s vesm\u00edrn\u00fdm barven\u00edm vzadu.<br \/>\n4.- Vzor na z\u00e1dech m\u00edrn\u011b del\u0161\u00ed.<br \/>Slo\u017een\u00ed: P\u0159edn\u00ed l\u00e1tka: 100% polyester s pta\u010d\u00edm vzorem. Zadn\u00ed l\u00e1tka: 100% polyester barviv\u00fd vesm\u00edrnou barvou. 135 g\/m\u00b2.<br \/>Pozn\u00e1mky: Snadno schnouc\u00ed prody\u0161n\u00e1 tkanina.<br \/>\n*Odn\u00edmateln\u00e1 etiketa..<br \/>\n*Technick\u00e1 tkanina.<br \/>\n*Prody\u0161n\u00e1.<br \/>\n*Koncept dua. <br \/><img decoding=\"async\" src=\"https:\/\/static.gorfactory.es\/pics\/measures\/CA_MC_MU.jpg\"><\/p>","protected":false},"excerpt":{"rendered":"<p>Short-sleeve technical t-shirt. 1.- Crew neck. 2.- Combination of two polyester fabrics on back, shoulders and sleeves. 3.- Bird&#8217;s eye<\/p>","protected":false},"featured_media":36828,"comment_status":"open","ping_status":"closed","template":"","meta":[],"product_cat":[624,623],"product_tag":[],"class_list":{"0":"post-36827","1":"product","2":"type-product","3":"status-publish","4":"has-post-thumbnail","6":"product_cat-sp_tshi","7":"product_cat-cam_sp","9":"first","10":"instock","11":"shipping-taxable","12":"purchasable","13":"product-type-variable"},"_links":{"self":[{"href":"https:\/\/www.promotio.sk\/cs\/wp-json\/wp\/v2\/product\/36827","targetHints":{"allow":["GET"]}}],"collection":[{"href":"https:\/\/www.promotio.sk\/cs\/wp-json\/wp\/v2\/product"}],"about":[{"href":"https:\/\/www.promotio.sk\/cs\/wp-json\/wp\/v2\/types\/product"}],"replies":[{"embeddable":true,"href":"https:\/\/www.promotio.sk\/cs\/wp-json\/wp\/v2\/comments?post=36827"}],"wp:featuredmedia":[{"embeddable":true,"href":"https:\/\/www.promotio.sk\/cs\/wp-json\/wp\/v2\/media\/36828"}],"wp:attachment":[{"href":"https:\/\/www.promotio.sk\/cs\/wp-json\/wp\/v2\/media?parent=36827"}],"wp:term":[{"taxonomy":"product_cat","embeddable":true,"href":"https:\/\/www.promotio.sk\/cs\/wp-json\/wp\/v2\/product_cat?post=36827"},{"taxonomy":"product_tag","embeddable":true,"href":"https:\/\/www.promotio.sk\/cs\/wp-json\/wp\/v2\/product_tag?post=36827"}],"curies":[{"name":"wp","href":"https:\/\/api.w.org\/{rel}","templated":true}]}}