{"id":36708,"date":"2024-03-19T16:14:03","date_gmt":"2024-03-19T15:14:03","guid":{"rendered":"https:\/\/www.promotio.sk\/shop\/nezaraden\u00e9\/suzuka\/"},"modified":"2024-03-19T16:17:07","modified_gmt":"2024-03-19T15:17:07","slug":"suzuka","status":"publish","type":"product","link":"https:\/\/www.promotio.sk\/cs\/shop\/sports\/cam_sp\/sp_tshi\/suzuka\/","title":{"rendered":"SUZUKA"},"content":{"rendered":"<p>D\u00e1msk\u00e9 technick\u00e9 tri\u010dko s kr\u00e1tk\u00fdm ruk\u00e1vem.<br \/>\n1.- V\u00fdst\u0159ih do V.<br \/>\n2. Kombinace dvou polyesterov\u00fdch tkanin na boc\u00edch a ramenou.<br \/>\n3.- Pta\u010d\u00ed tkanina na p\u0159edn\u00ed stran\u011b a prody\u0161n\u00e1 3D s\u00ed\u0165ovina na ramenou a bo\u010dn\u00edch panelech.<br \/>\n4. Tkanina p\u0159ipraven\u00e1 k absorpci vlhkosti.<br \/>\n<br \/>Slo\u017een\u00ed: Hlavn\u00ed materi\u00e1l: polyester 100% s efektem pta\u010d\u00edho oka. Bo\u010dn\u00ed panely: 3D polyesterov\u00e1 s\u00ed\u0165ovina 100%. 130 g\/m\u00b2.<br \/>Pozn\u00e1mky: Snadno schnouc\u00ed prody\u0161n\u00e1 tkanina.<br \/>\n* Odn\u00edmateln\u00fd \u0161t\u00edtek.<br \/>\n*Technick\u00e1 tkanina.<br \/>\n<br \/><img decoding=\"async\" src=\"https:\/\/static.gorfactory.es\/pics\/measures\/CA_MC_MU.jpg\"><\/p>","protected":false},"excerpt":{"rendered":"<p>Women&#8217;s short-sleeve technical t-shirt. 1.- V-neck. 2.- Combination of two polyester fabrics in sides and shoulders. 3.- Bird&#8217;s eye fabric<\/p>","protected":false},"featured_media":36709,"comment_status":"open","ping_status":"closed","template":"","meta":[],"product_cat":[624,623],"product_tag":[],"class_list":{"0":"post-36708","1":"product","2":"type-product","3":"status-publish","4":"has-post-thumbnail","6":"product_cat-sp_tshi","7":"product_cat-cam_sp","9":"first","10":"instock","11":"shipping-taxable","12":"purchasable","13":"product-type-variable"},"_links":{"self":[{"href":"https:\/\/www.promotio.sk\/cs\/wp-json\/wp\/v2\/product\/36708","targetHints":{"allow":["GET"]}}],"collection":[{"href":"https:\/\/www.promotio.sk\/cs\/wp-json\/wp\/v2\/product"}],"about":[{"href":"https:\/\/www.promotio.sk\/cs\/wp-json\/wp\/v2\/types\/product"}],"replies":[{"embeddable":true,"href":"https:\/\/www.promotio.sk\/cs\/wp-json\/wp\/v2\/comments?post=36708"}],"wp:featuredmedia":[{"embeddable":true,"href":"https:\/\/www.promotio.sk\/cs\/wp-json\/wp\/v2\/media\/36709"}],"wp:attachment":[{"href":"https:\/\/www.promotio.sk\/cs\/wp-json\/wp\/v2\/media?parent=36708"}],"wp:term":[{"taxonomy":"product_cat","embeddable":true,"href":"https:\/\/www.promotio.sk\/cs\/wp-json\/wp\/v2\/product_cat?post=36708"},{"taxonomy":"product_tag","embeddable":true,"href":"https:\/\/www.promotio.sk\/cs\/wp-json\/wp\/v2\/product_tag?post=36708"}],"curies":[{"name":"wp","href":"https:\/\/api.w.org\/{rel}","templated":true}]}}