{"id":36588,"date":"2024-03-19T16:07:24","date_gmt":"2024-03-19T15:07:24","guid":{"rendered":"https:\/\/www.promotio.sk\/shop\/nezaraden\u00e9\/aida\/"},"modified":"2024-03-19T16:13:59","modified_gmt":"2024-03-19T15:13:59","slug":"aida","status":"publish","type":"product","link":"https:\/\/www.promotio.sk\/cs\/shop\/sports\/cam_sp\/sp_tshi\/aida\/","title":{"rendered":"AIDA"},"content":{"rendered":"<p>Sportovn\u00ed t\u00edlko s racerbackem z bavln\u011bn\u00e9ho polyesteru. P\u0159il\u00e9hav\u00fd st\u0159ih.<br \/>Slo\u017een\u00ed: 92% polyester \/ 8% elastan, 160 gsm.<br \/>Pozn\u00e1mky: Snadno schnouc\u00ed prody\u0161n\u00e1 tkanina.<br \/>\n* M\u011bkk\u00fd dotek.<br \/>\n* Odn\u00edmateln\u00fd \u0161t\u00edtek.<br \/>\n*\u010cernou barvu lze pouze vy\u0161\u00edvat. Neakceptuje \u017e\u00e1dn\u00e9 dal\u0161\u00ed p\u0159epracov\u00e1n\u00ed.<br \/>\n<br \/><img decoding=\"async\" src=\"https:\/\/static.gorfactory.es\/pics\/measures\/CA_MC_MU.jpg\"><\/p>","protected":false},"excerpt":{"rendered":"<p>Racerback sports tank top in cotton touch polyester. Fitted cut.Composition: 92% polyester \/ 8% elastane, 160 gsm.Remarks: Easy-dry breathable fabric.<\/p>","protected":false},"featured_media":36589,"comment_status":"open","ping_status":"closed","template":"","meta":[],"product_cat":[624,623],"product_tag":[],"class_list":{"0":"post-36588","1":"product","2":"type-product","3":"status-publish","4":"has-post-thumbnail","6":"product_cat-sp_tshi","7":"product_cat-cam_sp","9":"first","10":"instock","11":"shipping-taxable","12":"purchasable","13":"product-type-variable"},"_links":{"self":[{"href":"https:\/\/www.promotio.sk\/cs\/wp-json\/wp\/v2\/product\/36588","targetHints":{"allow":["GET"]}}],"collection":[{"href":"https:\/\/www.promotio.sk\/cs\/wp-json\/wp\/v2\/product"}],"about":[{"href":"https:\/\/www.promotio.sk\/cs\/wp-json\/wp\/v2\/types\/product"}],"replies":[{"embeddable":true,"href":"https:\/\/www.promotio.sk\/cs\/wp-json\/wp\/v2\/comments?post=36588"}],"wp:featuredmedia":[{"embeddable":true,"href":"https:\/\/www.promotio.sk\/cs\/wp-json\/wp\/v2\/media\/36589"}],"wp:attachment":[{"href":"https:\/\/www.promotio.sk\/cs\/wp-json\/wp\/v2\/media?parent=36588"}],"wp:term":[{"taxonomy":"product_cat","embeddable":true,"href":"https:\/\/www.promotio.sk\/cs\/wp-json\/wp\/v2\/product_cat?post=36588"},{"taxonomy":"product_tag","embeddable":true,"href":"https:\/\/www.promotio.sk\/cs\/wp-json\/wp\/v2\/product_tag?post=36588"}],"curies":[{"name":"wp","href":"https:\/\/api.w.org\/{rel}","templated":true}]}}