{"id":36509,"date":"2024-03-19T16:03:02","date_gmt":"2024-03-19T15:03:02","guid":{"rendered":"https:\/\/www.promotio.sk\/shop\/nezaraden\u00e9\/austin\/"},"modified":"2024-03-19T16:07:23","modified_gmt":"2024-03-19T15:07:23","slug":"austin","status":"publish","type":"product","link":"https:\/\/www.promotio.sk\/cs\/shop\/sports\/cam_sp\/sp_tshi\/austin\/","title":{"rendered":"AUSTIN"},"content":{"rendered":"<p>Polyesterov\u00e9 technick\u00e9 tri\u010dko s ragl\u00e1nov\u00fdm kr\u00e1tk\u00fdm ruk\u00e1vem. Kulat\u00fd v\u00fdst\u0159ih. Voln\u00fd, pohodln\u00fd a snadno padnouc\u00ed materi\u00e1l.<br \/>Slo\u017een\u00ed: 100% polyester barviv\u00fd vesm\u00edrem, 140 g\/m\u00b2.<br \/>Pozn\u00e1mky: *Snadno schnouc\u00ed prody\u0161n\u00e1 tkanina.<br \/>\n* Odn\u00edmateln\u00fd \u0161t\u00edtek.<br \/>\n*Technick\u00e1 tkanina.<br \/>\n<br \/><img decoding=\"async\" src=\"https:\/\/static.gorfactory.es\/pics\/measures\/CA_MC_HO.jpg\"><\/p>","protected":false},"excerpt":{"rendered":"<p>Polyester technical t-shirt with raglan short-sleeves. Crew neck. Loose, comfortable, and easy-fitting fabric.Composition: 100% space dye polyester, 140 gsm.Remarks: *Easy-dry<\/p>","protected":false},"featured_media":36510,"comment_status":"open","ping_status":"closed","template":"","meta":[],"product_cat":[624,623],"product_tag":[],"class_list":{"0":"post-36509","1":"product","2":"type-product","3":"status-publish","4":"has-post-thumbnail","6":"product_cat-sp_tshi","7":"product_cat-cam_sp","9":"first","10":"instock","11":"shipping-taxable","12":"purchasable","13":"product-type-variable"},"_links":{"self":[{"href":"https:\/\/www.promotio.sk\/cs\/wp-json\/wp\/v2\/product\/36509","targetHints":{"allow":["GET"]}}],"collection":[{"href":"https:\/\/www.promotio.sk\/cs\/wp-json\/wp\/v2\/product"}],"about":[{"href":"https:\/\/www.promotio.sk\/cs\/wp-json\/wp\/v2\/types\/product"}],"replies":[{"embeddable":true,"href":"https:\/\/www.promotio.sk\/cs\/wp-json\/wp\/v2\/comments?post=36509"}],"wp:featuredmedia":[{"embeddable":true,"href":"https:\/\/www.promotio.sk\/cs\/wp-json\/wp\/v2\/media\/36510"}],"wp:attachment":[{"href":"https:\/\/www.promotio.sk\/cs\/wp-json\/wp\/v2\/media?parent=36509"}],"wp:term":[{"taxonomy":"product_cat","embeddable":true,"href":"https:\/\/www.promotio.sk\/cs\/wp-json\/wp\/v2\/product_cat?post=36509"},{"taxonomy":"product_tag","embeddable":true,"href":"https:\/\/www.promotio.sk\/cs\/wp-json\/wp\/v2\/product_tag?post=36509"}],"curies":[{"name":"wp","href":"https:\/\/api.w.org\/{rel}","templated":true}]}}