{"id":36357,"date":"2024-03-19T15:54:12","date_gmt":"2024-03-19T14:54:12","guid":{"rendered":"https:\/\/www.promotio.sk\/shop\/nezaraden\u00e9\/detroit\/"},"modified":"2024-03-19T15:58:29","modified_gmt":"2024-03-19T14:58:29","slug":"detroit","status":"publish","type":"product","link":"https:\/\/www.promotio.sk\/cs\/shop\/sports\/cam_sp\/sp_tshi\/detroit\/","title":{"rendered":"DETROIT"},"content":{"rendered":"<p>Technick\u00e9 tri\u010dko s kr\u00e1tk\u00fdm ruk\u00e1vem.<br \/>\n1.- Kulat\u00fd v\u00fdst\u0159ih.<br \/>\n2. Kombinace dvou polyesterov\u00fdch tkanin na z\u00e1dech a ramenou.<br \/>\n3.- P\u0159edn\u00ed strana z l\u00e1tky s motivem pta\u010d\u00edho oka a zadn\u00ed strana z prody\u0161n\u00e9 3D s\u00ed\u0165oviny.<br \/>\n4. Tkanina p\u0159ipraven\u00e1 k absorpci vlhkosti.<br \/>\n5.- Dekorativn\u00ed klikat\u00fd steh na boc\u00edch a ramenou.<br \/>\n6.- Vzor na z\u00e1dech m\u00edrn\u011b del\u0161\u00ed.<br \/>Slo\u017een\u00ed: P\u0159edn\u00ed l\u00e1tka: 100% polyester s efektem pta\u010d\u00edho oka. Zadn\u00ed l\u00e1tka: 100% 3D polyesterov\u00e1 s\u00ed\u0165ovina. 130 g\/m\u00b2.<br \/>Pozn\u00e1mky: Snadno schnouc\u00ed prody\u0161n\u00e1 tkanina.<br \/>\n* Odn\u00edmateln\u00fd \u0161t\u00edtek.<br \/>\n*Technick\u00e1 tkanina.<br \/>\n<br \/><img decoding=\"async\" src=\"https:\/\/static.gorfactory.es\/pics\/measures\/CA_MC_HO.jpg\"><\/p>","protected":false},"excerpt":{"rendered":"<p>Short-sleeve technical t-shirt. 1.- Crew neck. 2.- Combination of two polyester fabrics in back and shoulders. 3.- Bird&#8217;s eye fabric<\/p>","protected":false},"featured_media":36358,"comment_status":"open","ping_status":"closed","template":"","meta":[],"product_cat":[624,623],"product_tag":[],"class_list":{"0":"post-36357","1":"product","2":"type-product","3":"status-publish","4":"has-post-thumbnail","6":"product_cat-sp_tshi","7":"product_cat-cam_sp","9":"first","10":"instock","11":"shipping-taxable","12":"purchasable","13":"product-type-variable"},"_links":{"self":[{"href":"https:\/\/www.promotio.sk\/cs\/wp-json\/wp\/v2\/product\/36357","targetHints":{"allow":["GET"]}}],"collection":[{"href":"https:\/\/www.promotio.sk\/cs\/wp-json\/wp\/v2\/product"}],"about":[{"href":"https:\/\/www.promotio.sk\/cs\/wp-json\/wp\/v2\/types\/product"}],"replies":[{"embeddable":true,"href":"https:\/\/www.promotio.sk\/cs\/wp-json\/wp\/v2\/comments?post=36357"}],"wp:featuredmedia":[{"embeddable":true,"href":"https:\/\/www.promotio.sk\/cs\/wp-json\/wp\/v2\/media\/36358"}],"wp:attachment":[{"href":"https:\/\/www.promotio.sk\/cs\/wp-json\/wp\/v2\/media?parent=36357"}],"wp:term":[{"taxonomy":"product_cat","embeddable":true,"href":"https:\/\/www.promotio.sk\/cs\/wp-json\/wp\/v2\/product_cat?post=36357"},{"taxonomy":"product_tag","embeddable":true,"href":"https:\/\/www.promotio.sk\/cs\/wp-json\/wp\/v2\/product_tag?post=36357"}],"curies":[{"name":"wp","href":"https:\/\/api.w.org\/{rel}","templated":true}]}}