{"id":36260,"date":"2024-03-19T15:49:01","date_gmt":"2024-03-19T14:49:01","guid":{"rendered":"https:\/\/www.promotio.sk\/shop\/nezaraden\u00e9\/indianapolis\/"},"modified":"2024-03-19T15:54:09","modified_gmt":"2024-03-19T14:54:09","slug":"indianapolis","status":"publish","type":"product","link":"https:\/\/www.promotio.sk\/cs\/shop\/sports\/cam_sp\/sp_tshi\/indianapolis\/","title":{"rendered":"INDIANAPOLIS"},"content":{"rendered":"<p>Raglan style short-sleeve sports t-shirt with contrasting sleeves. Crew neck with contrasting reinforced covered seams.<br \/>Composition: 100% bird&#8217;s eye polyester, 140 gsm.<br \/>Pozn\u00e1mky: *Odn\u00edmateln\u00fd \u0161t\u00edtek.<br \/>\n*Technick\u00e1 tkanina.<br \/>\n* Prody\u0161n\u00e1 tkanina.<br \/>\n*Dostupn\u00e9 v d\u011btsk\u00fdch velikostech.<br \/><img decoding=\"async\" src=\"https:\/\/static.gorfactory.es\/pics\/measures\/CA_MC_HO.jpg\"><\/p>","protected":false},"excerpt":{"rendered":"<p>Raglan style short-sleeve sports t-shirt with contrasting sleeves. Crew neck with contrasting reinforced covered seams.Composition: 100% bird&#8217;s eye polyester, 140<\/p>","protected":false},"featured_media":36261,"comment_status":"open","ping_status":"closed","template":"","meta":[],"product_cat":[624,623],"product_tag":[],"class_list":{"0":"post-36260","1":"product","2":"type-product","3":"status-publish","4":"has-post-thumbnail","6":"product_cat-sp_tshi","7":"product_cat-cam_sp","9":"first","10":"instock","11":"shipping-taxable","12":"purchasable","13":"product-type-variable"},"_links":{"self":[{"href":"https:\/\/www.promotio.sk\/cs\/wp-json\/wp\/v2\/product\/36260","targetHints":{"allow":["GET"]}}],"collection":[{"href":"https:\/\/www.promotio.sk\/cs\/wp-json\/wp\/v2\/product"}],"about":[{"href":"https:\/\/www.promotio.sk\/cs\/wp-json\/wp\/v2\/types\/product"}],"replies":[{"embeddable":true,"href":"https:\/\/www.promotio.sk\/cs\/wp-json\/wp\/v2\/comments?post=36260"}],"wp:featuredmedia":[{"embeddable":true,"href":"https:\/\/www.promotio.sk\/cs\/wp-json\/wp\/v2\/media\/36261"}],"wp:attachment":[{"href":"https:\/\/www.promotio.sk\/cs\/wp-json\/wp\/v2\/media?parent=36260"}],"wp:term":[{"taxonomy":"product_cat","embeddable":true,"href":"https:\/\/www.promotio.sk\/cs\/wp-json\/wp\/v2\/product_cat?post=36260"},{"taxonomy":"product_tag","embeddable":true,"href":"https:\/\/www.promotio.sk\/cs\/wp-json\/wp\/v2\/product_tag?post=36260"}],"curies":[{"name":"wp","href":"https:\/\/api.w.org\/{rel}","templated":true}]}}