{"id":36227,"date":"2024-03-19T15:46:57","date_gmt":"2024-03-19T14:46:57","guid":{"rendered":"https:\/\/www.promotio.sk\/shop\/nezaraden\u00e9\/austin-woman\/"},"modified":"2024-03-19T15:48:59","modified_gmt":"2024-03-19T14:48:59","slug":"austin-woman","status":"publish","type":"product","link":"https:\/\/www.promotio.sk\/cs\/shop\/sports\/cam_sp\/sp_tshi\/austin-woman\/","title":{"rendered":"\u017dena z Austinu"},"content":{"rendered":"<p>Short-sleeve technical raglan t-shirt for women in polyester fabric. Crew neck. T-shirt in comfortable  fabric that easily adapts to the body.<br \/>Slo\u017een\u00ed: 100% polyester barviv\u00fd vesm\u00edrem, 140 g\/m\u00b2.<br \/>Remarks: * Easy-dry breathable fabric.<br \/>\n* Odn\u00edmateln\u00fd \u0161t\u00edtek.<br \/>\n* Technick\u00e1 tkanina.<br \/><img decoding=\"async\" src=\"https:\/\/static.gorfactory.es\/pics\/measures\/CA_MC_MU.jpg\"><\/p>","protected":false},"excerpt":{"rendered":"<p>Short-sleeve technical raglan t-shirt for women in polyester fabric. Crew neck. T-shirt in comfortable fabric that easily adapts to the<\/p>","protected":false},"featured_media":36228,"comment_status":"open","ping_status":"closed","template":"","meta":[],"product_cat":[624,623],"product_tag":[],"class_list":{"0":"post-36227","1":"product","2":"type-product","3":"status-publish","4":"has-post-thumbnail","6":"product_cat-sp_tshi","7":"product_cat-cam_sp","9":"first","10":"instock","11":"shipping-taxable","12":"purchasable","13":"product-type-variable"},"_links":{"self":[{"href":"https:\/\/www.promotio.sk\/cs\/wp-json\/wp\/v2\/product\/36227","targetHints":{"allow":["GET"]}}],"collection":[{"href":"https:\/\/www.promotio.sk\/cs\/wp-json\/wp\/v2\/product"}],"about":[{"href":"https:\/\/www.promotio.sk\/cs\/wp-json\/wp\/v2\/types\/product"}],"replies":[{"embeddable":true,"href":"https:\/\/www.promotio.sk\/cs\/wp-json\/wp\/v2\/comments?post=36227"}],"wp:featuredmedia":[{"embeddable":true,"href":"https:\/\/www.promotio.sk\/cs\/wp-json\/wp\/v2\/media\/36228"}],"wp:attachment":[{"href":"https:\/\/www.promotio.sk\/cs\/wp-json\/wp\/v2\/media?parent=36227"}],"wp:term":[{"taxonomy":"product_cat","embeddable":true,"href":"https:\/\/www.promotio.sk\/cs\/wp-json\/wp\/v2\/product_cat?post=36227"},{"taxonomy":"product_tag","embeddable":true,"href":"https:\/\/www.promotio.sk\/cs\/wp-json\/wp\/v2\/product_tag?post=36227"}],"curies":[{"name":"wp","href":"https:\/\/api.w.org\/{rel}","templated":true}]}}