{"id":36176,"date":"2024-03-19T15:43:50","date_gmt":"2024-03-19T14:43:50","guid":{"rendered":"https:\/\/www.promotio.sk\/shop\/nezaraden\u00e9\/shanghai-woman\/"},"modified":"2024-03-19T15:46:55","modified_gmt":"2024-03-19T14:46:55","slug":"shanghai-woman","status":"publish","type":"product","link":"https:\/\/www.promotio.sk\/cs\/shop\/sports\/cam_sp\/sp_tshi\/shanghai-woman\/","title":{"rendered":"\u017dENA \u0160ANGHAJ"},"content":{"rendered":"<p>Technical t-shirt combined in two polyester fabrics. Short-sleeve raglan style. Bird&#8217;s eye main fabric, and side panels and inner sleeve in microperforated fabric. Crew neck with reinforced covered seams. Comfortable fabric t-shirt and easily fitting to the body.<br \/>Slo\u017een\u00ed: Hlavn\u00ed materi\u00e1l: polyester 100% s efektem pta\u010d\u00edho oka. Bo\u010dn\u00ed panely: mikroperforovan\u00fd polyester 100%, 140 g.<br \/>Pozn\u00e1mky: *Odn\u00edmateln\u00fd \u0161t\u00edtek.<br \/>\n*Technick\u00e1 tkanina.<br \/>\n* Prody\u0161n\u00e1 tkanina.<br \/>\n*Koncept dua.<br \/>\n<br \/><img decoding=\"async\" src=\"https:\/\/static.gorfactory.es\/pics\/measures\/CA_MC_MU.jpg\"><\/p>","protected":false},"excerpt":{"rendered":"<p>Technical t-shirt combined in two polyester fabrics. Short-sleeve raglan style. Bird&#8217;s eye main fabric, and side panels and inner sleeve<\/p>","protected":false},"featured_media":36177,"comment_status":"open","ping_status":"closed","template":"","meta":[],"product_cat":[624,623],"product_tag":[],"class_list":{"0":"post-36176","1":"product","2":"type-product","3":"status-publish","4":"has-post-thumbnail","6":"product_cat-sp_tshi","7":"product_cat-cam_sp","9":"first","10":"instock","11":"shipping-taxable","12":"purchasable","13":"product-type-variable"},"_links":{"self":[{"href":"https:\/\/www.promotio.sk\/cs\/wp-json\/wp\/v2\/product\/36176","targetHints":{"allow":["GET"]}}],"collection":[{"href":"https:\/\/www.promotio.sk\/cs\/wp-json\/wp\/v2\/product"}],"about":[{"href":"https:\/\/www.promotio.sk\/cs\/wp-json\/wp\/v2\/types\/product"}],"replies":[{"embeddable":true,"href":"https:\/\/www.promotio.sk\/cs\/wp-json\/wp\/v2\/comments?post=36176"}],"wp:featuredmedia":[{"embeddable":true,"href":"https:\/\/www.promotio.sk\/cs\/wp-json\/wp\/v2\/media\/36177"}],"wp:attachment":[{"href":"https:\/\/www.promotio.sk\/cs\/wp-json\/wp\/v2\/media?parent=36176"}],"wp:term":[{"taxonomy":"product_cat","embeddable":true,"href":"https:\/\/www.promotio.sk\/cs\/wp-json\/wp\/v2\/product_cat?post=36176"},{"taxonomy":"product_tag","embeddable":true,"href":"https:\/\/www.promotio.sk\/cs\/wp-json\/wp\/v2\/product_tag?post=36176"}],"curies":[{"name":"wp","href":"https:\/\/api.w.org\/{rel}","templated":true}]}}