{"id":36096,"date":"2024-03-19T15:39:18","date_gmt":"2024-03-19T14:39:18","guid":{"rendered":"https:\/\/www.promotio.sk\/shop\/nezaraden\u00e9\/shanghai\/"},"modified":"2024-03-19T15:43:49","modified_gmt":"2024-03-19T14:43:49","slug":"shanghai","status":"publish","type":"product","link":"https:\/\/www.promotio.sk\/cs\/shop\/sports\/cam_sp\/sp_tshi\/shanghai\/","title":{"rendered":"\u0160ANGHAJ"},"content":{"rendered":"<p>Technick\u00e9 tri\u010dko z kombinace dvou polyesterov\u00fdch tkanin a kr\u00e1tk\u00e9ho ruk\u00e1vu ragl\u00e1nov\u00e9ho st\u0159ihu. Hlavn\u00ed materi\u00e1l s motivem pta\u010d\u00edho oka, bo\u010dn\u00ed panely a vnit\u0159n\u00ed ruk\u00e1v z mikroperforovan\u00e9 tkaniny. Kulat\u00fd v\u00fdst\u0159ih s vnit\u0159n\u00edmi zes\u00edlen\u00fdmi kryt\u00fdmi \u0161vy. Pohodln\u00fd a snadno padnouc\u00ed materi\u00e1l.<br \/>Slo\u017een\u00ed: Hlavn\u00ed materi\u00e1l: polyester 100% s efektem pta\u010d\u00edho oka. Bo\u010dn\u00ed panely: mikroperforovan\u00fd polyester 100%, 140 g.<br \/>Pozn\u00e1mky: *Odn\u00edmateln\u00fd \u0161t\u00edtek.<br \/>\n*Technick\u00e1 tkanina.<br \/>\n* Prody\u0161n\u00e1 tkanina.<br \/>\n*Koncept dua.<br \/>\n*Dostupn\u00e9 v d\u011btsk\u00fdch velikostech.<br \/>\n<br \/><img decoding=\"async\" src=\"https:\/\/static.gorfactory.es\/pics\/measures\/CA_MC_HO.jpg\"><\/p>","protected":false},"excerpt":{"rendered":"<p>Technical t-shirt with a combination of two polyester fabrics and short-sleeve raglan style. Main fabric in birds&#8217;s eye, side panels<\/p>","protected":false},"featured_media":36097,"comment_status":"open","ping_status":"closed","template":"","meta":[],"product_cat":[624,623],"product_tag":[],"class_list":{"0":"post-36096","1":"product","2":"type-product","3":"status-publish","4":"has-post-thumbnail","6":"product_cat-sp_tshi","7":"product_cat-cam_sp","9":"first","10":"instock","11":"shipping-taxable","12":"purchasable","13":"product-type-variable"},"_links":{"self":[{"href":"https:\/\/www.promotio.sk\/cs\/wp-json\/wp\/v2\/product\/36096","targetHints":{"allow":["GET"]}}],"collection":[{"href":"https:\/\/www.promotio.sk\/cs\/wp-json\/wp\/v2\/product"}],"about":[{"href":"https:\/\/www.promotio.sk\/cs\/wp-json\/wp\/v2\/types\/product"}],"replies":[{"embeddable":true,"href":"https:\/\/www.promotio.sk\/cs\/wp-json\/wp\/v2\/comments?post=36096"}],"wp:featuredmedia":[{"embeddable":true,"href":"https:\/\/www.promotio.sk\/cs\/wp-json\/wp\/v2\/media\/36097"}],"wp:attachment":[{"href":"https:\/\/www.promotio.sk\/cs\/wp-json\/wp\/v2\/media?parent=36096"}],"wp:term":[{"taxonomy":"product_cat","embeddable":true,"href":"https:\/\/www.promotio.sk\/cs\/wp-json\/wp\/v2\/product_cat?post=36096"},{"taxonomy":"product_tag","embeddable":true,"href":"https:\/\/www.promotio.sk\/cs\/wp-json\/wp\/v2\/product_tag?post=36096"}],"curies":[{"name":"wp","href":"https:\/\/api.w.org\/{rel}","templated":true}]}}