{"id":35584,"date":"2024-03-19T15:04:28","date_gmt":"2024-03-19T14:04:28","guid":{"rendered":"https:\/\/www.promotio.sk\/shop\/nezaraden\u00e9\/imola-woman\/"},"modified":"2024-03-19T15:13:42","modified_gmt":"2024-03-19T14:13:42","slug":"imola-woman","status":"publish","type":"product","link":"https:\/\/www.promotio.sk\/cs\/shop\/sports\/cam_sp\/sp_tshi\/imola-woman\/","title":{"rendered":"\u017dena z Imoly"},"content":{"rendered":"<p>Technick\u00e9 tri\u010dko s kr\u00e1tk\u00fdm ruk\u00e1vem p\u0159il\u00e9hav\u00e9ho st\u0159ihu z recyklovan\u00e9ho polyesteru CONTROL-DRY. Kulat\u00fd v\u00fdst\u0159ih s odpov\u00eddaj\u00edc\u00edmi kryt\u00fdmi \u0161vy. Na ruk\u00e1vu \u0161t\u00edtek s logem ECO.<br \/>\n<br \/>Slo\u017een\u00ed: 50% recyklovan\u00fd polyester \/ 50% polyester, vaflov\u00fd \u00faplet. 135 g\/m\u00b2.<br \/>Pozn\u00e1mky: *Odn\u00edmateln\u00fd ECO \u0161t\u00edtek.<br \/>\n*Obal z recyklovan\u00e9ho materi\u00e1lu.<br \/>\n*Technick\u00e1 tkanina.<br \/>\n*Kontroln\u011b such\u00e9.<br \/>\n*Koncept dua.<br \/>\n<br \/><img decoding=\"async\" src=\"https:\/\/static.gorfactory.es\/pics\/measures\/CA_MC_MU.jpg\"><\/p>","protected":false},"excerpt":{"rendered":"<p>Fitted technical short-sleeve t-shirt in recycled CONTROL-DRY polyester. Crew neck with matching covered seams. ECO logo label on sleeve. Composition:<\/p>","protected":false},"featured_media":35585,"comment_status":"open","ping_status":"closed","template":"","meta":[],"product_cat":[624,623],"product_tag":[],"class_list":{"0":"post-35584","1":"product","2":"type-product","3":"status-publish","4":"has-post-thumbnail","6":"product_cat-sp_tshi","7":"product_cat-cam_sp","9":"first","10":"instock","11":"shipping-taxable","12":"purchasable","13":"product-type-variable"},"_links":{"self":[{"href":"https:\/\/www.promotio.sk\/cs\/wp-json\/wp\/v2\/product\/35584","targetHints":{"allow":["GET"]}}],"collection":[{"href":"https:\/\/www.promotio.sk\/cs\/wp-json\/wp\/v2\/product"}],"about":[{"href":"https:\/\/www.promotio.sk\/cs\/wp-json\/wp\/v2\/types\/product"}],"replies":[{"embeddable":true,"href":"https:\/\/www.promotio.sk\/cs\/wp-json\/wp\/v2\/comments?post=35584"}],"wp:featuredmedia":[{"embeddable":true,"href":"https:\/\/www.promotio.sk\/cs\/wp-json\/wp\/v2\/media\/35585"}],"wp:attachment":[{"href":"https:\/\/www.promotio.sk\/cs\/wp-json\/wp\/v2\/media?parent=35584"}],"wp:term":[{"taxonomy":"product_cat","embeddable":true,"href":"https:\/\/www.promotio.sk\/cs\/wp-json\/wp\/v2\/product_cat?post=35584"},{"taxonomy":"product_tag","embeddable":true,"href":"https:\/\/www.promotio.sk\/cs\/wp-json\/wp\/v2\/product_tag?post=35584"}],"curies":[{"name":"wp","href":"https:\/\/api.w.org\/{rel}","templated":true}]}}