{"id":35317,"date":"2024-03-19T14:04:58","date_gmt":"2024-03-19T13:04:58","guid":{"rendered":"https:\/\/www.promotio.sk\/shop\/nezaraden\u00e9\/montecarlo\/"},"modified":"2024-03-19T14:16:25","modified_gmt":"2024-03-19T13:16:25","slug":"montecarlo","status":"publish","type":"product","link":"https:\/\/www.promotio.sk\/cs\/shop\/sports\/cam_sp\/sp_tshi\/montecarlo\/","title":{"rendered":"MONTECARLO"},"content":{"rendered":"<p>Technick\u00e9 ragl\u00e1nov\u00e9 tri\u010dko s kr\u00e1tk\u00fdm ruk\u00e1vem. Kulat\u00fd v\u00fdst\u0159ih s odpov\u00eddaj\u00edc\u00edmi skryt\u00fdmi \u0161vy. Shodn\u00e9 overlockov\u00e9 panely na ruk\u00e1vech a boc\u00edch.<br \/>Slo\u017een\u00ed: 100% polyester piqu\u00e9, 150 gsm.<br \/>Pozn\u00e1mky: *Prody\u0161n\u00e1 tkanina, kterou lze snadno pr\u00e1t a schnout.<br \/>\n* Odn\u00edmateln\u00fd \u0161t\u00edtek.<br \/>\n*Technick\u00e1 tkanina.<br \/>\n*Ochrann\u00fd faktor proti ultrafialov\u00e9mu z\u00e1\u0159en\u00ed dle barev.<br \/>\n*Dostupn\u00e9 v d\u011btsk\u00fdch velikostech.<br \/>\n*Koncept dua.<br \/><img decoding=\"async\" src=\"https:\/\/static.gorfactory.es\/pics\/measures\/CA_MC_HO.jpg\"><\/p>","protected":false},"excerpt":{"rendered":"<p>Short-sleeve technical raglan t-shirt. Crew neck with matching covered seams. Matching overlocked panels in sleeves and sides.Composition: 100% polyester piqu\u00e9,<\/p>","protected":false},"featured_media":35318,"comment_status":"open","ping_status":"closed","template":"","meta":[],"product_cat":[624,623],"product_tag":[],"class_list":{"0":"post-35317","1":"product","2":"type-product","3":"status-publish","4":"has-post-thumbnail","6":"product_cat-sp_tshi","7":"product_cat-cam_sp","9":"first","10":"instock","11":"shipping-taxable","12":"purchasable","13":"product-type-variable"},"_links":{"self":[{"href":"https:\/\/www.promotio.sk\/cs\/wp-json\/wp\/v2\/product\/35317","targetHints":{"allow":["GET"]}}],"collection":[{"href":"https:\/\/www.promotio.sk\/cs\/wp-json\/wp\/v2\/product"}],"about":[{"href":"https:\/\/www.promotio.sk\/cs\/wp-json\/wp\/v2\/types\/product"}],"replies":[{"embeddable":true,"href":"https:\/\/www.promotio.sk\/cs\/wp-json\/wp\/v2\/comments?post=35317"}],"wp:featuredmedia":[{"embeddable":true,"href":"https:\/\/www.promotio.sk\/cs\/wp-json\/wp\/v2\/media\/35318"}],"wp:attachment":[{"href":"https:\/\/www.promotio.sk\/cs\/wp-json\/wp\/v2\/media?parent=35317"}],"wp:term":[{"taxonomy":"product_cat","embeddable":true,"href":"https:\/\/www.promotio.sk\/cs\/wp-json\/wp\/v2\/product_cat?post=35317"},{"taxonomy":"product_tag","embeddable":true,"href":"https:\/\/www.promotio.sk\/cs\/wp-json\/wp\/v2\/product_tag?post=35317"}],"curies":[{"name":"wp","href":"https:\/\/api.w.org\/{rel}","templated":true}]}}