{"id":35274,"date":"2024-03-19T14:01:44","date_gmt":"2024-03-19T13:01:44","guid":{"rendered":"https:\/\/www.promotio.sk\/shop\/nezaraden\u00e9\/tokyo\/"},"modified":"2024-03-19T14:04:57","modified_gmt":"2024-03-19T13:04:57","slug":"tokyo","status":"publish","type":"product","link":"https:\/\/www.promotio.sk\/cs\/shop\/sports\/cam_sp\/sp_tshi\/tokyo\/","title":{"rendered":"TOKYO"},"content":{"rendered":"<p>Technick\u00e9 tri\u010dko s kr\u00e1tk\u00fdm ruk\u00e1vem a kombinac\u00ed dvou barevn\u00fdch panel\u016f.<br \/>\n1.- Kulat\u00fd v\u00fdst\u0159ih se zes\u00edlen\u00fdmi \u0161vy.<br \/>\n2. Kontrastn\u00ed bo\u010dn\u00ed panely.<br \/>Slo\u017een\u00ed: 100% polyester piqu\u00e9, 150 gsm.  <br \/>Pozn\u00e1mky: *Prody\u0161n\u00e1 tkanina, kterou lze snadno pr\u00e1t a schnout.<br \/>\n* Odn\u00edmateln\u00fd \u0161t\u00edtek.<br \/>\n*Technick\u00e1 tkanina.<br \/>\n<br \/><img decoding=\"async\" src=\"https:\/\/static.gorfactory.es\/pics\/measures\/CA_MC_HO.jpg\"><\/p>","protected":false},"excerpt":{"rendered":"<p>Short-sleeve technical t-shirt with a combination of two colour panels. 1.- Crew neck with reinforced seams. 2.- Contrasting side panels.Composition:<\/p>","protected":false},"featured_media":35275,"comment_status":"open","ping_status":"closed","template":"","meta":[],"product_cat":[624,623],"product_tag":[],"class_list":{"0":"post-35274","1":"product","2":"type-product","3":"status-publish","4":"has-post-thumbnail","6":"product_cat-sp_tshi","7":"product_cat-cam_sp","9":"first","10":"instock","11":"shipping-taxable","12":"purchasable","13":"product-type-variable"},"_links":{"self":[{"href":"https:\/\/www.promotio.sk\/cs\/wp-json\/wp\/v2\/product\/35274","targetHints":{"allow":["GET"]}}],"collection":[{"href":"https:\/\/www.promotio.sk\/cs\/wp-json\/wp\/v2\/product"}],"about":[{"href":"https:\/\/www.promotio.sk\/cs\/wp-json\/wp\/v2\/types\/product"}],"replies":[{"embeddable":true,"href":"https:\/\/www.promotio.sk\/cs\/wp-json\/wp\/v2\/comments?post=35274"}],"wp:featuredmedia":[{"embeddable":true,"href":"https:\/\/www.promotio.sk\/cs\/wp-json\/wp\/v2\/media\/35275"}],"wp:attachment":[{"href":"https:\/\/www.promotio.sk\/cs\/wp-json\/wp\/v2\/media?parent=35274"}],"wp:term":[{"taxonomy":"product_cat","embeddable":true,"href":"https:\/\/www.promotio.sk\/cs\/wp-json\/wp\/v2\/product_cat?post=35274"},{"taxonomy":"product_tag","embeddable":true,"href":"https:\/\/www.promotio.sk\/cs\/wp-json\/wp\/v2\/product_tag?post=35274"}],"curies":[{"name":"wp","href":"https:\/\/api.w.org\/{rel}","templated":true}]}}