{"id":35031,"date":"2024-03-19T13:46:49","date_gmt":"2024-03-19T12:46:49","guid":{"rendered":"https:\/\/www.promotio.sk\/shop\/nezaraden\u00e9\/daytona\/"},"modified":"2024-03-19T13:54:29","modified_gmt":"2024-03-19T12:54:29","slug":"daytona","status":"publish","type":"product","link":"https:\/\/www.promotio.sk\/cs\/shop\/sports\/cam_sp\/sp_tshi\/daytona\/","title":{"rendered":"DAYTONA"},"content":{"rendered":"<p>Prody\u0161n\u00e9 technick\u00e9 tri\u010dko s kr\u00e1tk\u00fdm ruk\u00e1vem. Pos\u00e1dkov\u00fd v\u00fdst\u0159ih s odpov\u00eddaj\u00edc\u00edmi kryt\u00fdmi \u0161vy.<br \/>Slo\u017een\u00ed: 100% interlock polyester, 135 gsm.<br \/>Pozn\u00e1mky: * Odn\u00edmateln\u00fd \u0161t\u00edtek.<br \/>\n* Technick\u00e1 tkanina.<br \/>\n* Kontroln\u011b such\u00e9.<br \/>\n* Prody\u0161n\u00fd model. <br \/><img decoding=\"async\" src=\"https:\/\/static.gorfactory.es\/pics\/measures\/CA_MC_HO.jpg\"><\/p>","protected":false},"excerpt":{"rendered":"<p>Breathable short-sleeve technical t-shirt. Crew neck with matching covered seams.Composition: 100% interlock polyester, 135 gsm.Remarks: * Removable label. * Technical<\/p>","protected":false},"featured_media":35032,"comment_status":"open","ping_status":"closed","template":"","meta":[],"product_cat":[624,623],"product_tag":[],"class_list":{"0":"post-35031","1":"product","2":"type-product","3":"status-publish","4":"has-post-thumbnail","6":"product_cat-sp_tshi","7":"product_cat-cam_sp","9":"first","10":"instock","11":"shipping-taxable","12":"purchasable","13":"product-type-variable"},"_links":{"self":[{"href":"https:\/\/www.promotio.sk\/cs\/wp-json\/wp\/v2\/product\/35031","targetHints":{"allow":["GET"]}}],"collection":[{"href":"https:\/\/www.promotio.sk\/cs\/wp-json\/wp\/v2\/product"}],"about":[{"href":"https:\/\/www.promotio.sk\/cs\/wp-json\/wp\/v2\/types\/product"}],"replies":[{"embeddable":true,"href":"https:\/\/www.promotio.sk\/cs\/wp-json\/wp\/v2\/comments?post=35031"}],"wp:featuredmedia":[{"embeddable":true,"href":"https:\/\/www.promotio.sk\/cs\/wp-json\/wp\/v2\/media\/35032"}],"wp:attachment":[{"href":"https:\/\/www.promotio.sk\/cs\/wp-json\/wp\/v2\/media?parent=35031"}],"wp:term":[{"taxonomy":"product_cat","embeddable":true,"href":"https:\/\/www.promotio.sk\/cs\/wp-json\/wp\/v2\/product_cat?post=35031"},{"taxonomy":"product_tag","embeddable":true,"href":"https:\/\/www.promotio.sk\/cs\/wp-json\/wp\/v2\/product_tag?post=35031"}],"curies":[{"name":"wp","href":"https:\/\/api.w.org\/{rel}","templated":true}]}}