{"id":34530,"date":"2024-03-19T13:09:29","date_gmt":"2024-03-19T12:09:29","guid":{"rendered":"https:\/\/www.promotio.sk\/shop\/nezaraden\u00e9\/bahrain\/"},"modified":"2024-03-19T13:29:53","modified_gmt":"2024-03-19T12:29:53","slug":"bahrain","status":"publish","type":"product","link":"https:\/\/www.promotio.sk\/cs\/shop\/sports\/cam_sp\/sp_tshi\/bahrain\/","title":{"rendered":"BAHRAIN"},"content":{"rendered":"<p>Technick\u00e9 ragl\u00e1nov\u00e9 tri\u010dko s kr\u00e1tk\u00fdm ruk\u00e1vem. Pos\u00e1dkov\u00fd v\u00fdst\u0159ih s odpov\u00eddaj\u00edc\u00edmi kryt\u00fdmi \u0161vy. Spodn\u00ed d\u00edly ruk\u00e1v\u016f. Odpov\u00eddaj\u00edc\u00ed overlock v pr\u016framku a ruk\u00e1vov\u00e9m panelu. Tkanina CONTROL-DRY.<br \/>Slo\u017een\u00ed: 100% polyester, wafle interlock, 135 gsm.<br \/>Pozn\u00e1mky: *K dispozici d\u011btsk\u00e9 velikosti.<br \/>\n* Odn\u00edmateln\u00fd \u0161t\u00edtek.<br \/>\n*Technick\u00e1 tkanina.<br \/>\n*Kontroln\u011b such\u00e9.<br \/>\n*Koncept dua.<br \/>\n<br \/><img decoding=\"async\" src=\"https:\/\/static.gorfactory.es\/pics\/measures\/CA_MC_HO.jpg\"><\/p>","protected":false},"excerpt":{"rendered":"<p>Technical short-sleeve raglan t-shirt. Crew neck with matching covered seams. Bottom sleeve panels. Matching overlock in armhole and sleeve panel.<\/p>","protected":false},"featured_media":34531,"comment_status":"open","ping_status":"closed","template":"","meta":[],"product_cat":[624,623],"product_tag":[],"class_list":{"0":"post-34530","1":"product","2":"type-product","3":"status-publish","4":"has-post-thumbnail","6":"product_cat-sp_tshi","7":"product_cat-cam_sp","9":"first","10":"instock","11":"shipping-taxable","12":"purchasable","13":"product-type-variable"},"_links":{"self":[{"href":"https:\/\/www.promotio.sk\/cs\/wp-json\/wp\/v2\/product\/34530","targetHints":{"allow":["GET"]}}],"collection":[{"href":"https:\/\/www.promotio.sk\/cs\/wp-json\/wp\/v2\/product"}],"about":[{"href":"https:\/\/www.promotio.sk\/cs\/wp-json\/wp\/v2\/types\/product"}],"replies":[{"embeddable":true,"href":"https:\/\/www.promotio.sk\/cs\/wp-json\/wp\/v2\/comments?post=34530"}],"wp:featuredmedia":[{"embeddable":true,"href":"https:\/\/www.promotio.sk\/cs\/wp-json\/wp\/v2\/media\/34531"}],"wp:attachment":[{"href":"https:\/\/www.promotio.sk\/cs\/wp-json\/wp\/v2\/media?parent=34530"}],"wp:term":[{"taxonomy":"product_cat","embeddable":true,"href":"https:\/\/www.promotio.sk\/cs\/wp-json\/wp\/v2\/product_cat?post=34530"},{"taxonomy":"product_tag","embeddable":true,"href":"https:\/\/www.promotio.sk\/cs\/wp-json\/wp\/v2\/product_tag?post=34530"}],"curies":[{"name":"wp","href":"https:\/\/api.w.org\/{rel}","templated":true}]}}