{"id":34473,"date":"2024-03-19T13:05:52","date_gmt":"2024-03-19T12:05:52","guid":{"rendered":"https:\/\/www.promotio.sk\/shop\/nezaraden\u00e9\/slam-woman\/"},"modified":"2024-03-19T13:09:28","modified_gmt":"2024-03-19T12:09:28","slug":"slam-woman","status":"publish","type":"product","link":"https:\/\/www.promotio.sk\/cs\/shop\/sports\/cam_sp\/sp_tshi\/slam-woman\/","title":{"rendered":"SLAM \u017dENU"},"content":{"rendered":"<p>D\u00e1msk\u00e9 technick\u00e9 tri\u010dko s kr\u00e1tk\u00fdm ruk\u00e1vem. Lehk\u00e1 tkanina vyroben\u00e1 z recyklovan\u00e9ho polyesteru.<br \/>\n\u00b7 L\u00edmec se zk\u0159\u00ed\u017een\u00fdmi detaily a kryc\u00edmi \u0161vy.<br \/>\n\u00b7 Zadn\u00ed sedlo a ruk\u00e1vy z prody\u0161n\u00e9 l\u00e1tky.<br \/>\n\u00b7 P\u0159edn\u00ed a \u0161ikm\u00e9 \u0161vy na boc\u00edch a na ramenou.<br \/>\n\u00b7 Zaoblen\u00fd lem.<br \/>\n\u00b7 Kombinovan\u00e9 z prody\u0161n\u00fdch a elastick\u00fdch l\u00e1tek. <br \/>Slo\u017een\u00ed: Hlavn\u00ed tkanina: 100% recyklovan\u00fd polyester<br \/>\nS\u00ed\u0165ovina: 92% recyklovan\u00fd polyester \/ 8% elastan<br \/>\n100 gsm.<\/p>\n<p>Pozn\u00e1mky: *Etiqueta odstraniteln\u00e1<br \/><img decoding=\"async\" src=\"https:\/\/static.gorfactory.es\/pics\/measures\/CA_MC_MU.jpg\"><\/p>","protected":false},"excerpt":{"rendered":"<p>Women&#8217;s short-sleeved technical t-shirt. Lightweight fabric made of recycled polyester. \u00b7 Collar with crossed detail and coverseams. \u00b7 Back yoke<\/p>","protected":false},"featured_media":34474,"comment_status":"open","ping_status":"closed","template":"","meta":[],"product_cat":[624,623],"product_tag":[],"class_list":{"0":"post-34473","1":"product","2":"type-product","3":"status-publish","4":"has-post-thumbnail","6":"product_cat-sp_tshi","7":"product_cat-cam_sp","9":"first","10":"instock","11":"shipping-taxable","12":"purchasable","13":"product-type-variable"},"_links":{"self":[{"href":"https:\/\/www.promotio.sk\/cs\/wp-json\/wp\/v2\/product\/34473","targetHints":{"allow":["GET"]}}],"collection":[{"href":"https:\/\/www.promotio.sk\/cs\/wp-json\/wp\/v2\/product"}],"about":[{"href":"https:\/\/www.promotio.sk\/cs\/wp-json\/wp\/v2\/types\/product"}],"replies":[{"embeddable":true,"href":"https:\/\/www.promotio.sk\/cs\/wp-json\/wp\/v2\/comments?post=34473"}],"wp:featuredmedia":[{"embeddable":true,"href":"https:\/\/www.promotio.sk\/cs\/wp-json\/wp\/v2\/media\/34474"}],"wp:attachment":[{"href":"https:\/\/www.promotio.sk\/cs\/wp-json\/wp\/v2\/media?parent=34473"}],"wp:term":[{"taxonomy":"product_cat","embeddable":true,"href":"https:\/\/www.promotio.sk\/cs\/wp-json\/wp\/v2\/product_cat?post=34473"},{"taxonomy":"product_tag","embeddable":true,"href":"https:\/\/www.promotio.sk\/cs\/wp-json\/wp\/v2\/product_tag?post=34473"}],"curies":[{"name":"wp","href":"https:\/\/api.w.org\/{rel}","templated":true}]}}