{"id":34409,"date":"2024-03-19T13:01:43","date_gmt":"2024-03-19T12:01:43","guid":{"rendered":"https:\/\/www.promotio.sk\/shop\/nezaraden\u00e9\/slam\/"},"modified":"2024-03-19T13:05:50","modified_gmt":"2024-03-19T12:05:50","slug":"slam","status":"publish","type":"product","link":"https:\/\/www.promotio.sk\/cs\/shop\/sports\/cam_sp\/sp_tshi\/slam\/","title":{"rendered":"SLAM"},"content":{"rendered":"<p>Men&#8217;s technical short-sleeved t-shirt. Lightweight fabric made of recycled polyester.<br \/>\n\u00b7 L\u00edmec se zk\u0159\u00ed\u017een\u00fdmi detaily a kryc\u00edmi \u0161vy.<br \/>\n\u00b7 Zadn\u00ed sedlo a ruk\u00e1vy z prody\u0161n\u00e9 l\u00e1tky.<br \/>\n\u00b7 P\u0159edn\u00ed a \u0161ikm\u00e9 \u0161vy na boc\u00edch a na ramenou.<br \/>\n\u00b7 Kombinovan\u00e9 z prody\u0161n\u00fdch a elastick\u00fdch l\u00e1tek. <\/p>\n<p>Composition: Main fabric: 100% recycled polyester, 100 g\/m\u00b2.<br \/>\nMesh fabric: 92% recycled polyester\/ 8% elastane, 100 g\/m\u00b2.<br \/>Pozn\u00e1mky: *Etiqueta odstraniteln\u00e1<br \/><img decoding=\"async\" src=\"https:\/\/static.gorfactory.es\/pics\/measures\/CA_MC_HO.jpg\"><\/p>","protected":false},"excerpt":{"rendered":"<p>Men&#8217;s technical short-sleeved t-shirt. Lightweight fabric made of recycled polyester. \u00b7 Collar with crossed detail and coverseams. \u00b7 Back yoke<\/p>","protected":false},"featured_media":34410,"comment_status":"open","ping_status":"closed","template":"","meta":[],"product_cat":[624,623],"product_tag":[],"class_list":{"0":"post-34409","1":"product","2":"type-product","3":"status-publish","4":"has-post-thumbnail","6":"product_cat-sp_tshi","7":"product_cat-cam_sp","9":"first","10":"instock","11":"shipping-taxable","12":"purchasable","13":"product-type-variable"},"_links":{"self":[{"href":"https:\/\/www.promotio.sk\/cs\/wp-json\/wp\/v2\/product\/34409","targetHints":{"allow":["GET"]}}],"collection":[{"href":"https:\/\/www.promotio.sk\/cs\/wp-json\/wp\/v2\/product"}],"about":[{"href":"https:\/\/www.promotio.sk\/cs\/wp-json\/wp\/v2\/types\/product"}],"replies":[{"embeddable":true,"href":"https:\/\/www.promotio.sk\/cs\/wp-json\/wp\/v2\/comments?post=34409"}],"wp:featuredmedia":[{"embeddable":true,"href":"https:\/\/www.promotio.sk\/cs\/wp-json\/wp\/v2\/media\/34410"}],"wp:attachment":[{"href":"https:\/\/www.promotio.sk\/cs\/wp-json\/wp\/v2\/media?parent=34409"}],"wp:term":[{"taxonomy":"product_cat","embeddable":true,"href":"https:\/\/www.promotio.sk\/cs\/wp-json\/wp\/v2\/product_cat?post=34409"},{"taxonomy":"product_tag","embeddable":true,"href":"https:\/\/www.promotio.sk\/cs\/wp-json\/wp\/v2\/product_tag?post=34409"}],"curies":[{"name":"wp","href":"https:\/\/api.w.org\/{rel}","templated":true}]}}