{"id":34059,"date":"2024-03-18T14:16:28","date_gmt":"2024-03-18T13:16:28","guid":{"rendered":"https:\/\/www.promotio.sk\/shop\/nezaraden\u00e9\/abend\/"},"modified":"2024-03-18T14:17:26","modified_gmt":"2024-03-18T13:17:26","slug":"abend","status":"publish","type":"product","link":"https:\/\/www.promotio.sk\/cs\/shop\/promo-items\/christmas\/decorations\/abend\/","title":{"rendered":"ABEND"},"content":{"rendered":"<p>Plst\u011bn\u00e1 v\u00e1no\u010dn\u00ed dekorace, dostupn\u00e1 ve t\u0159ech designech: sn\u011bhov\u00e1 vlo\u010dka, v\u00e1no\u010dn\u00ed strome\u010dek a sob. V\u0161echny designy jsou dod\u00e1v\u00e1ny s hn\u011bd\u00fdm popruhem a \u010derven\u00fdm kor\u00e1lkem na konci.<br \/>\nOpat\u0159en\u00ed:<br \/>\n\u2013 V\u00e1no\u010dn\u00ed strome\u010dek: 10,1 x 0,3 x 8,3 cm.<br \/>\n\u2013 Sob: 9,2 x 0,3 x 8 cm.<br \/>\n\u2013 Sn\u011bhov\u00e1 vlo\u010dka: 9 x 0,3 x 9 cm. <\/p>\n<p>Slo\u017een\u00ed: Polyester<br \/>pozn\u00e1mky: <\/p>","protected":false},"excerpt":{"rendered":"<p>Felt christmas decoration, available in three designs: snowflake, christmas tree and reindeer. All designs are presented with a brown strap<\/p>","protected":false},"featured_media":34060,"comment_status":"open","ping_status":"closed","template":"","meta":[],"product_cat":[611,612],"product_tag":[],"class_list":{"0":"post-34059","1":"product","2":"type-product","3":"status-publish","4":"has-post-thumbnail","6":"product_cat-christmas","7":"product_cat-decorations","9":"first","10":"instock","11":"shipping-taxable","12":"purchasable","13":"product-type-variable"},"_links":{"self":[{"href":"https:\/\/www.promotio.sk\/cs\/wp-json\/wp\/v2\/product\/34059","targetHints":{"allow":["GET"]}}],"collection":[{"href":"https:\/\/www.promotio.sk\/cs\/wp-json\/wp\/v2\/product"}],"about":[{"href":"https:\/\/www.promotio.sk\/cs\/wp-json\/wp\/v2\/types\/product"}],"replies":[{"embeddable":true,"href":"https:\/\/www.promotio.sk\/cs\/wp-json\/wp\/v2\/comments?post=34059"}],"wp:featuredmedia":[{"embeddable":true,"href":"https:\/\/www.promotio.sk\/cs\/wp-json\/wp\/v2\/media\/34060"}],"wp:attachment":[{"href":"https:\/\/www.promotio.sk\/cs\/wp-json\/wp\/v2\/media?parent=34059"}],"wp:term":[{"taxonomy":"product_cat","embeddable":true,"href":"https:\/\/www.promotio.sk\/cs\/wp-json\/wp\/v2\/product_cat?post=34059"},{"taxonomy":"product_tag","embeddable":true,"href":"https:\/\/www.promotio.sk\/cs\/wp-json\/wp\/v2\/product_tag?post=34059"}],"curies":[{"name":"wp","href":"https:\/\/api.w.org\/{rel}","templated":true}]}}