{"id":34011,"date":"2024-03-18T14:12:03","date_gmt":"2024-03-18T13:12:03","guid":{"rendered":"https:\/\/www.promotio.sk\/shop\/nezaraden\u00e9\/arsuk\/"},"modified":"2024-03-18T14:12:47","modified_gmt":"2024-03-18T13:12:47","slug":"arsuk","status":"publish","type":"product","link":"https:\/\/www.promotio.sk\/cs\/shop\/promo-items\/christmas\/decorations\/arsuk\/","title":{"rendered":"ARSUK"},"content":{"rendered":"<p>Bavln\u011bn\u00e1 d\u00e1rkov\u00e1 ta\u0161ka 100% s motivem v\u00e1no\u010dn\u00edho strome\u010dku. Je to kr\u00e1sn\u00e1 mo\u017enost, jak zabalit d\u00e1rky b\u011bhem v\u00e1no\u010dn\u00edho obdob\u00ed.<br \/>\nTyto ta\u0161ky jsou obvykle zdobeny obr\u00e1zkem stylizovan\u00e9ho v\u00e1no\u010dn\u00edho stromku s jeho v\u011btvemi a slavnostn\u00edmi dekoracemi. Volbou ta\u0161ky s motivem v\u00e1no\u010dn\u00edho stromku m\u016f\u017eete sv\u00fdm d\u00e1rk\u016fm dodat n\u00e1dech \u0161armu a slavnostnosti a nav\u00edc jsou tyto ta\u0161ky opakovan\u011b pou\u017eiteln\u00e9, co\u017e z nich \u010din\u00ed udr\u017eiteln\u011bj\u0161\u00ed variantu.<br \/>\nS d\u00e1rkovou ta\u0161kou s motivem v\u00e1no\u010dn\u00edho strome\u010dku budou va\u0161e d\u00e1rky pod strome\u010dkem vynikat a dodaj\u00ed sv\u00e1te\u010dn\u00edmu obdob\u00ed je\u0161t\u011b v\u00edce radosti!<br \/>Slo\u017een\u00ed: Algod\u00f3n.<br \/>Pozn\u00e1mky: Cara lisa especial para impresi\u00f3n.<\/p>","protected":false},"excerpt":{"rendered":"<p>100% cotton gift bag with a Christmas tree design. It is a lovely option to wrap your gifts during the<\/p>","protected":false},"featured_media":34012,"comment_status":"open","ping_status":"closed","template":"","meta":[],"product_cat":[611,612],"product_tag":[],"class_list":{"0":"post-34011","1":"product","2":"type-product","3":"status-publish","4":"has-post-thumbnail","6":"product_cat-christmas","7":"product_cat-decorations","9":"first","10":"instock","11":"shipping-taxable","12":"purchasable","13":"product-type-variable"},"_links":{"self":[{"href":"https:\/\/www.promotio.sk\/cs\/wp-json\/wp\/v2\/product\/34011","targetHints":{"allow":["GET"]}}],"collection":[{"href":"https:\/\/www.promotio.sk\/cs\/wp-json\/wp\/v2\/product"}],"about":[{"href":"https:\/\/www.promotio.sk\/cs\/wp-json\/wp\/v2\/types\/product"}],"replies":[{"embeddable":true,"href":"https:\/\/www.promotio.sk\/cs\/wp-json\/wp\/v2\/comments?post=34011"}],"wp:featuredmedia":[{"embeddable":true,"href":"https:\/\/www.promotio.sk\/cs\/wp-json\/wp\/v2\/media\/34012"}],"wp:attachment":[{"href":"https:\/\/www.promotio.sk\/cs\/wp-json\/wp\/v2\/media?parent=34011"}],"wp:term":[{"taxonomy":"product_cat","embeddable":true,"href":"https:\/\/www.promotio.sk\/cs\/wp-json\/wp\/v2\/product_cat?post=34011"},{"taxonomy":"product_tag","embeddable":true,"href":"https:\/\/www.promotio.sk\/cs\/wp-json\/wp\/v2\/product_tag?post=34011"}],"curies":[{"name":"wp","href":"https:\/\/api.w.org\/{rel}","templated":true}]}}