{"id":34004,"date":"2024-03-18T14:11:21","date_gmt":"2024-03-18T13:11:21","guid":{"rendered":"https:\/\/www.promotio.sk\/shop\/nezaraden\u00e9\/simut\/"},"modified":"2024-03-18T14:11:58","modified_gmt":"2024-03-18T13:11:58","slug":"simut","status":"publish","type":"product","link":"https:\/\/www.promotio.sk\/cs\/shop\/promo-items\/christmas\/decorations\/simut\/","title":{"rendered":"SIMUT"},"content":{"rendered":"<p>A Christmas gift bag printed with characteristic motifs of the season, is an excellent option to wrap your gifts in a festive and cheerful way.<br \/>\nThe gift bag is decorated with images related to Christmas, such as Christmas trees, reindeer and snowflakes.<br \/>\nIn addition, these bags are a sustainable alternative to disposable paper wrappers, as they can be reused on future Christmas seasons. With a printed gift bag, your gifts will look even more special under the Christmas tree!<br \/>Slo\u017een\u00ed: Algod\u00f3n.<br \/>Pozn\u00e1mky: Cara lisa especial para impresi\u00f3n. <\/p>","protected":false},"excerpt":{"rendered":"<p>A Christmas gift bag printed with characteristic motifs of the season, is an excellent option to wrap your gifts in<\/p>","protected":false},"featured_media":34005,"comment_status":"open","ping_status":"closed","template":"","meta":[],"product_cat":[611,612],"product_tag":[],"class_list":{"0":"post-34004","1":"product","2":"type-product","3":"status-publish","4":"has-post-thumbnail","6":"product_cat-christmas","7":"product_cat-decorations","9":"first","10":"instock","11":"shipping-taxable","12":"purchasable","13":"product-type-variable"},"_links":{"self":[{"href":"https:\/\/www.promotio.sk\/cs\/wp-json\/wp\/v2\/product\/34004","targetHints":{"allow":["GET"]}}],"collection":[{"href":"https:\/\/www.promotio.sk\/cs\/wp-json\/wp\/v2\/product"}],"about":[{"href":"https:\/\/www.promotio.sk\/cs\/wp-json\/wp\/v2\/types\/product"}],"replies":[{"embeddable":true,"href":"https:\/\/www.promotio.sk\/cs\/wp-json\/wp\/v2\/comments?post=34004"}],"wp:featuredmedia":[{"embeddable":true,"href":"https:\/\/www.promotio.sk\/cs\/wp-json\/wp\/v2\/media\/34005"}],"wp:attachment":[{"href":"https:\/\/www.promotio.sk\/cs\/wp-json\/wp\/v2\/media?parent=34004"}],"wp:term":[{"taxonomy":"product_cat","embeddable":true,"href":"https:\/\/www.promotio.sk\/cs\/wp-json\/wp\/v2\/product_cat?post=34004"},{"taxonomy":"product_tag","embeddable":true,"href":"https:\/\/www.promotio.sk\/cs\/wp-json\/wp\/v2\/product_tag?post=34004"}],"curies":[{"name":"wp","href":"https:\/\/api.w.org\/{rel}","templated":true}]}}