{"id":33966,"date":"2024-03-18T13:39:24","date_gmt":"2024-03-18T12:39:24","guid":{"rendered":"https:\/\/www.promotio.sk\/shop\/nezaraden\u00e9\/dovel\/"},"modified":"2024-03-18T13:39:58","modified_gmt":"2024-03-18T12:39:58","slug":"dovel","status":"publish","type":"product","link":"https:\/\/www.promotio.sk\/cs\/shop\/promo-items\/tools_car-pets-accessoriess\/tools\/dovel\/","title":{"rendered":"DOVEL"},"content":{"rendered":"<p>5m flexometer with blocking mechanism and metallic strip hook. Metal clip, carry strap and details in bamboo. <br \/>Pozn\u00e1mky: Prezentace v eko designov\u00e9 krabi\u010dce.<\/p>","protected":false},"excerpt":{"rendered":"<p>5m flexometer with blocking mechanism and metallic strip hook. Metal clip, carry strap and details in bamboo. Remarks: Presentation in<\/p>","protected":false},"featured_media":33967,"comment_status":"open","ping_status":"closed","template":"","meta":[],"product_cat":[609],"product_tag":[],"class_list":{"0":"post-33966","1":"product","2":"type-product","3":"status-publish","4":"has-post-thumbnail","6":"product_cat-tools","8":"first","9":"instock","10":"shipping-taxable","11":"purchasable","12":"product-type-variable"},"_links":{"self":[{"href":"https:\/\/www.promotio.sk\/cs\/wp-json\/wp\/v2\/product\/33966","targetHints":{"allow":["GET"]}}],"collection":[{"href":"https:\/\/www.promotio.sk\/cs\/wp-json\/wp\/v2\/product"}],"about":[{"href":"https:\/\/www.promotio.sk\/cs\/wp-json\/wp\/v2\/types\/product"}],"replies":[{"embeddable":true,"href":"https:\/\/www.promotio.sk\/cs\/wp-json\/wp\/v2\/comments?post=33966"}],"wp:featuredmedia":[{"embeddable":true,"href":"https:\/\/www.promotio.sk\/cs\/wp-json\/wp\/v2\/media\/33967"}],"wp:attachment":[{"href":"https:\/\/www.promotio.sk\/cs\/wp-json\/wp\/v2\/media?parent=33966"}],"wp:term":[{"taxonomy":"product_cat","embeddable":true,"href":"https:\/\/www.promotio.sk\/cs\/wp-json\/wp\/v2\/product_cat?post=33966"},{"taxonomy":"product_tag","embeddable":true,"href":"https:\/\/www.promotio.sk\/cs\/wp-json\/wp\/v2\/product_tag?post=33966"}],"curies":[{"name":"wp","href":"https:\/\/api.w.org\/{rel}","templated":true}]}}