{"id":33956,"date":"2024-03-18T13:38:48","date_gmt":"2024-03-18T12:38:48","guid":{"rendered":"https:\/\/www.promotio.sk\/shop\/nezaraden\u00e9\/daga\/"},"modified":"2024-03-18T13:40:21","modified_gmt":"2024-03-18T12:40:21","slug":"daga","status":"publish","type":"product","link":"https:\/\/www.promotio.sk\/cs\/shop\/promo-items\/tools_car-pets-accessoriess\/tools\/daga\/","title":{"rendered":"DAGA"},"content":{"rendered":"<p>Multifunctional flashlight with hammer, glass breaker and seatbelt cutter functions. AAA battery included. Presentation in design box.<br \/>Slo\u017een\u00ed: Hlin\u00edk<br \/>Pozn\u00e1mky: Presentaci\u00f3n en caja dise\u00f1o.<\/p>","protected":false},"excerpt":{"rendered":"<p>Multifunctional flashlight with hammer, glass breaker and seatbelt cutter functions. AAA battery included. Presentation in design box.Composition: AluminioRemarks: Presentaci\u00f3n en<\/p>","protected":false},"featured_media":33957,"comment_status":"open","ping_status":"closed","template":"","meta":[],"product_cat":[609],"product_tag":[],"class_list":{"0":"post-33956","1":"product","2":"type-product","3":"status-publish","4":"has-post-thumbnail","6":"product_cat-tools","8":"first","9":"instock","10":"shipping-taxable","11":"purchasable","12":"product-type-variable"},"_links":{"self":[{"href":"https:\/\/www.promotio.sk\/cs\/wp-json\/wp\/v2\/product\/33956","targetHints":{"allow":["GET"]}}],"collection":[{"href":"https:\/\/www.promotio.sk\/cs\/wp-json\/wp\/v2\/product"}],"about":[{"href":"https:\/\/www.promotio.sk\/cs\/wp-json\/wp\/v2\/types\/product"}],"replies":[{"embeddable":true,"href":"https:\/\/www.promotio.sk\/cs\/wp-json\/wp\/v2\/comments?post=33956"}],"wp:featuredmedia":[{"embeddable":true,"href":"https:\/\/www.promotio.sk\/cs\/wp-json\/wp\/v2\/media\/33957"}],"wp:attachment":[{"href":"https:\/\/www.promotio.sk\/cs\/wp-json\/wp\/v2\/media?parent=33956"}],"wp:term":[{"taxonomy":"product_cat","embeddable":true,"href":"https:\/\/www.promotio.sk\/cs\/wp-json\/wp\/v2\/product_cat?post=33956"},{"taxonomy":"product_tag","embeddable":true,"href":"https:\/\/www.promotio.sk\/cs\/wp-json\/wp\/v2\/product_tag?post=33956"}],"curies":[{"name":"wp","href":"https:\/\/api.w.org\/{rel}","templated":true}]}}