{"id":33879,"date":"2024-03-18T13:33:45","date_gmt":"2024-03-18T12:33:45","guid":{"rendered":"https:\/\/www.promotio.sk\/shop\/nezaraden\u00e9\/simba\/"},"modified":"2024-03-18T13:36:12","modified_gmt":"2024-03-18T12:36:12","slug":"simba","status":"publish","type":"product","link":"https:\/\/www.promotio.sk\/cs\/shop\/promo-items\/tools_car-pets-accessoriess\/pets_accessories\/simba\/","title":{"rendered":"SIMBA"},"content":{"rendered":"<p>D\u00e1vkova\u010d s\u00e1\u010dk\u016f pro dom\u00e1c\u00ed mazl\u00ed\u010dky s karabinou v barv\u011b odpov\u00eddaj\u00edc\u00ed velikosti. Sou\u010d\u00e1st\u00ed balen\u00ed je 15 s\u00e1\u010dk\u016f. K dispozici v r\u016fzn\u00fdch barv\u00e1ch.<br \/>\n<br \/>Slo\u017een\u00ed: PVC<\/p>","protected":false},"excerpt":{"rendered":"<p>Pet bag dispenser with matching carabiner. 15 bags included. Available in different colours. Composition: PVC<\/p>","protected":false},"featured_media":33880,"comment_status":"open","ping_status":"closed","template":"","meta":[],"product_cat":[610],"product_tag":[],"class_list":{"0":"post-33879","1":"product","2":"type-product","3":"status-publish","4":"has-post-thumbnail","6":"product_cat-pets_accessories","8":"first","9":"instock","10":"shipping-taxable","11":"purchasable","12":"product-type-variable"},"_links":{"self":[{"href":"https:\/\/www.promotio.sk\/cs\/wp-json\/wp\/v2\/product\/33879","targetHints":{"allow":["GET"]}}],"collection":[{"href":"https:\/\/www.promotio.sk\/cs\/wp-json\/wp\/v2\/product"}],"about":[{"href":"https:\/\/www.promotio.sk\/cs\/wp-json\/wp\/v2\/types\/product"}],"replies":[{"embeddable":true,"href":"https:\/\/www.promotio.sk\/cs\/wp-json\/wp\/v2\/comments?post=33879"}],"wp:featuredmedia":[{"embeddable":true,"href":"https:\/\/www.promotio.sk\/cs\/wp-json\/wp\/v2\/media\/33880"}],"wp:attachment":[{"href":"https:\/\/www.promotio.sk\/cs\/wp-json\/wp\/v2\/media?parent=33879"}],"wp:term":[{"taxonomy":"product_cat","embeddable":true,"href":"https:\/\/www.promotio.sk\/cs\/wp-json\/wp\/v2\/product_cat?post=33879"},{"taxonomy":"product_tag","embeddable":true,"href":"https:\/\/www.promotio.sk\/cs\/wp-json\/wp\/v2\/product_tag?post=33879"}],"curies":[{"name":"wp","href":"https:\/\/api.w.org\/{rel}","templated":true}]}}