{"id":33857,"date":"2024-03-18T13:27:24","date_gmt":"2024-03-18T12:27:24","guid":{"rendered":"https:\/\/www.promotio.sk\/shop\/nezaraden\u00e9\/bora\/"},"modified":"2024-03-19T09:27:07","modified_gmt":"2024-03-19T08:27:07","slug":"bora","status":"publish","type":"product","link":"https:\/\/www.promotio.sk\/cs\/shop\/promo-items\/tools_car-pets-accessoriess\/car_accessories\/bora\/","title":{"rendered":"BORA"},"content":{"rendered":"<p>Slune\u010dn\u00ed clona na volant s p\u0159edn\u00ed \u010d\u00e1st\u00ed z hlin\u00edku a zadn\u00ed \u010d\u00e1st\u00ed z b\u00edl\u00e9 p\u011bny. \u010cern\u00e9 lemov\u00e1n\u00ed. <br \/>Slo\u017een\u00ed: Slune\u010dn\u00ed clona: Hlin\u00edk a p\u011bna o gram\u00e1\u017ei 50 g\/m\u00b2.<br \/>\nOkraj: Netkan\u00e1 textilie.<br \/>Pozn\u00e1mky: Tlou\u0161\u0165ka: 2 mm.<br \/>\nMinim\u00e1ln\u00ed prodejn\u00ed mno\u017estv\u00ed: cel\u00e1 krabice.<br \/>\nPrezentace v ploch\u00e9m form\u00e1tu.<\/p>","protected":false},"excerpt":{"rendered":"<p>Steering wheel sunshield with front in aluminium and back in white foam. Black edging. Composition: Sunshield: Aluminium and 50 gsm<\/p>","protected":false},"featured_media":33858,"comment_status":"open","ping_status":"closed","template":"","meta":[],"product_cat":[606,605],"product_tag":[],"class_list":{"0":"post-33857","1":"product","2":"type-product","3":"status-publish","4":"has-post-thumbnail","6":"product_cat-car_accessories","7":"product_cat-tools_car-pets-accessoriess","9":"first","10":"instock","11":"shipping-taxable","12":"purchasable","13":"product-type-variable"},"_links":{"self":[{"href":"https:\/\/www.promotio.sk\/cs\/wp-json\/wp\/v2\/product\/33857","targetHints":{"allow":["GET"]}}],"collection":[{"href":"https:\/\/www.promotio.sk\/cs\/wp-json\/wp\/v2\/product"}],"about":[{"href":"https:\/\/www.promotio.sk\/cs\/wp-json\/wp\/v2\/types\/product"}],"replies":[{"embeddable":true,"href":"https:\/\/www.promotio.sk\/cs\/wp-json\/wp\/v2\/comments?post=33857"}],"wp:featuredmedia":[{"embeddable":true,"href":"https:\/\/www.promotio.sk\/cs\/wp-json\/wp\/v2\/media\/33858"}],"wp:attachment":[{"href":"https:\/\/www.promotio.sk\/cs\/wp-json\/wp\/v2\/media?parent=33857"}],"wp:term":[{"taxonomy":"product_cat","embeddable":true,"href":"https:\/\/www.promotio.sk\/cs\/wp-json\/wp\/v2\/product_cat?post=33857"},{"taxonomy":"product_tag","embeddable":true,"href":"https:\/\/www.promotio.sk\/cs\/wp-json\/wp\/v2\/product_tag?post=33857"}],"curies":[{"name":"wp","href":"https:\/\/api.w.org\/{rel}","templated":true}]}}