{"id":33851,"date":"2024-03-18T13:26:43","date_gmt":"2024-03-18T12:26:43","guid":{"rendered":"https:\/\/www.promotio.sk\/shop\/nezaraden\u00e9\/batur\/"},"modified":"2024-03-19T09:27:33","modified_gmt":"2024-03-19T08:27:33","slug":"batur","status":"publish","type":"product","link":"https:\/\/www.promotio.sk\/cs\/shop\/promo-items\/tools_car-pets-accessoriess\/car_accessories\/batur\/","title":{"rendered":"BATUR"},"content":{"rendered":"<p>Car sun shield with both sides in bubble aluminium and edging. Suction cups and black elastic straps for folding included. <\/p>\n<p>Composition: Sunshield: Aluminium and 250 gsm foam.<br \/>\nOkraj: Netkan\u00e1 textilie.<br \/>\nEyelets: Stainless steel.<br \/>Remarks: Thickness: 2,5 mm.<br \/>\nMinim\u00e1ln\u00ed prodejn\u00ed mno\u017estv\u00ed: cel\u00e1 krabice.<br \/>\nMeasures: 130 x 80 cm.<br \/>\nPrezentace v ploch\u00e9m form\u00e1tu. <\/p>","protected":false},"excerpt":{"rendered":"<p>Car sun shield with both sides in bubble aluminium and edging. Suction cups and black elastic straps for folding included.<\/p>","protected":false},"featured_media":33852,"comment_status":"open","ping_status":"closed","template":"","meta":[],"product_cat":[606,605],"product_tag":[],"class_list":{"0":"post-33851","1":"product","2":"type-product","3":"status-publish","4":"has-post-thumbnail","6":"product_cat-car_accessories","7":"product_cat-tools_car-pets-accessoriess","9":"first","10":"instock","11":"shipping-taxable","12":"purchasable","13":"product-type-variable"},"_links":{"self":[{"href":"https:\/\/www.promotio.sk\/cs\/wp-json\/wp\/v2\/product\/33851","targetHints":{"allow":["GET"]}}],"collection":[{"href":"https:\/\/www.promotio.sk\/cs\/wp-json\/wp\/v2\/product"}],"about":[{"href":"https:\/\/www.promotio.sk\/cs\/wp-json\/wp\/v2\/types\/product"}],"replies":[{"embeddable":true,"href":"https:\/\/www.promotio.sk\/cs\/wp-json\/wp\/v2\/comments?post=33851"}],"wp:featuredmedia":[{"embeddable":true,"href":"https:\/\/www.promotio.sk\/cs\/wp-json\/wp\/v2\/media\/33852"}],"wp:attachment":[{"href":"https:\/\/www.promotio.sk\/cs\/wp-json\/wp\/v2\/media?parent=33851"}],"wp:term":[{"taxonomy":"product_cat","embeddable":true,"href":"https:\/\/www.promotio.sk\/cs\/wp-json\/wp\/v2\/product_cat?post=33851"},{"taxonomy":"product_tag","embeddable":true,"href":"https:\/\/www.promotio.sk\/cs\/wp-json\/wp\/v2\/product_tag?post=33851"}],"curies":[{"name":"wp","href":"https:\/\/api.w.org\/{rel}","templated":true}]}}