{"id":33835,"date":"2024-03-18T13:25:10","date_gmt":"2024-03-18T12:25:10","guid":{"rendered":"https:\/\/www.promotio.sk\/shop\/nezaraden\u00e9\/akala\/"},"modified":"2024-03-19T09:28:11","modified_gmt":"2024-03-19T08:28:11","slug":"akala","status":"publish","type":"product","link":"https:\/\/www.promotio.sk\/cs\/shop\/promo-items\/tools_car-pets-accessoriess\/car_accessories\/akala\/","title":{"rendered":"AKALA"},"content":{"rendered":"<p>Rectangular car sun shield with aluminium front and white foam back. Two metal eyelets in both upper corners for suction cups. Black edging and elastic straps for folding. <br \/>Composition: Sun shield: Aluminium and 85 gsm foam.<br \/>\nOkraj: Netkan\u00e1 textilie.<br \/>\nEyelets: Stainless steel.<br \/>Pozn\u00e1mky: Tlou\u0161\u0165ka: 2 mm.<br \/>\nMinimum order: one box.<br \/>\nMeausres: 130 x 60 cm.<br \/>\nPrezentace v ploch\u00e9m form\u00e1tu.  <\/p>","protected":false},"excerpt":{"rendered":"<p>Rectangular car sun shield with aluminium front and white foam back. Two metal eyelets in both upper corners for suction<\/p>","protected":false},"featured_media":33836,"comment_status":"open","ping_status":"closed","template":"","meta":[],"product_cat":[606,605],"product_tag":[],"class_list":{"0":"post-33835","1":"product","2":"type-product","3":"status-publish","4":"has-post-thumbnail","6":"product_cat-car_accessories","7":"product_cat-tools_car-pets-accessoriess","9":"first","10":"instock","11":"shipping-taxable","12":"purchasable","13":"product-type-variable"},"_links":{"self":[{"href":"https:\/\/www.promotio.sk\/cs\/wp-json\/wp\/v2\/product\/33835","targetHints":{"allow":["GET"]}}],"collection":[{"href":"https:\/\/www.promotio.sk\/cs\/wp-json\/wp\/v2\/product"}],"about":[{"href":"https:\/\/www.promotio.sk\/cs\/wp-json\/wp\/v2\/types\/product"}],"replies":[{"embeddable":true,"href":"https:\/\/www.promotio.sk\/cs\/wp-json\/wp\/v2\/comments?post=33835"}],"wp:featuredmedia":[{"embeddable":true,"href":"https:\/\/www.promotio.sk\/cs\/wp-json\/wp\/v2\/media\/33836"}],"wp:attachment":[{"href":"https:\/\/www.promotio.sk\/cs\/wp-json\/wp\/v2\/media?parent=33835"}],"wp:term":[{"taxonomy":"product_cat","embeddable":true,"href":"https:\/\/www.promotio.sk\/cs\/wp-json\/wp\/v2\/product_cat?post=33835"},{"taxonomy":"product_tag","embeddable":true,"href":"https:\/\/www.promotio.sk\/cs\/wp-json\/wp\/v2\/product_tag?post=33835"}],"curies":[{"name":"wp","href":"https:\/\/api.w.org\/{rel}","templated":true}]}}