{"id":33806,"date":"2024-03-18T13:22:09","date_gmt":"2024-03-18T12:22:09","guid":{"rendered":"https:\/\/www.promotio.sk\/shop\/nezaraden\u00e9\/columbia\/"},"modified":"2024-03-19T09:29:21","modified_gmt":"2024-03-19T08:29:21","slug":"columbia","status":"publish","type":"product","link":"https:\/\/www.promotio.sk\/cs\/shop\/promo-items\/tools_car-pets-accessoriess\/car_accessories\/columbia\/","title":{"rendered":"COLUMBIA"},"content":{"rendered":"<p>Ide\u00e1ln\u00ed velk\u00e1 slune\u010dn\u00ed clona pro n\u00e1kladn\u00ed automobily a dod\u00e1vky. Ob\u011b strany z bublinov\u00e9ho hlin\u00edku s \u010dern\u00fdm lemov\u00e1n\u00edm. Sou\u010d\u00e1st\u00ed je kovov\u00e1 o\u010dka s p\u0159\u00edsavkami a elastick\u00e9 popruhy pro skl\u00e1d\u00e1n\u00ed.<br \/>\n<br \/>Slo\u017een\u00ed: Metalick\u00e1 hlin\u00edkov\u00e1 povrchov\u00e1 \u00faprava.<br \/>Pozn\u00e1mky: Prezentace v ploch\u00e9m form\u00e1tu.<br \/>\nRozm\u011bry: 180 x 90 cm.<\/p>","protected":false},"excerpt":{"rendered":"<p>Ideal large sun shield for trucks and vans. Both sides in bubble aluminium and black edging. Metal eyelets with suction<\/p>","protected":false},"featured_media":33807,"comment_status":"open","ping_status":"closed","template":"","meta":[],"product_cat":[606,605],"product_tag":[],"class_list":{"0":"post-33806","1":"product","2":"type-product","3":"status-publish","4":"has-post-thumbnail","6":"product_cat-car_accessories","7":"product_cat-tools_car-pets-accessoriess","9":"first","10":"instock","11":"shipping-taxable","12":"purchasable","13":"product-type-variable"},"_links":{"self":[{"href":"https:\/\/www.promotio.sk\/cs\/wp-json\/wp\/v2\/product\/33806","targetHints":{"allow":["GET"]}}],"collection":[{"href":"https:\/\/www.promotio.sk\/cs\/wp-json\/wp\/v2\/product"}],"about":[{"href":"https:\/\/www.promotio.sk\/cs\/wp-json\/wp\/v2\/types\/product"}],"replies":[{"embeddable":true,"href":"https:\/\/www.promotio.sk\/cs\/wp-json\/wp\/v2\/comments?post=33806"}],"wp:featuredmedia":[{"embeddable":true,"href":"https:\/\/www.promotio.sk\/cs\/wp-json\/wp\/v2\/media\/33807"}],"wp:attachment":[{"href":"https:\/\/www.promotio.sk\/cs\/wp-json\/wp\/v2\/media?parent=33806"}],"wp:term":[{"taxonomy":"product_cat","embeddable":true,"href":"https:\/\/www.promotio.sk\/cs\/wp-json\/wp\/v2\/product_cat?post=33806"},{"taxonomy":"product_tag","embeddable":true,"href":"https:\/\/www.promotio.sk\/cs\/wp-json\/wp\/v2\/product_tag?post=33806"}],"curies":[{"name":"wp","href":"https:\/\/api.w.org\/{rel}","templated":true}]}}