{"id":33614,"date":"2024-03-12T22:58:22","date_gmt":"2024-03-12T21:58:22","guid":{"rendered":"https:\/\/www.promotio.sk\/shop\/nezaraden\u00e9\/care\/"},"modified":"2024-03-12T23:10:47","modified_gmt":"2024-03-12T22:10:47","slug":"care","status":"publish","type":"product","link":"https:\/\/www.promotio.sk\/cs\/shop\/promo-clothing\/workwear\/san_est\/care\/","title":{"rendered":"P\u00c9\u010cE"},"content":{"rendered":"<p>Unisex dlouh\u00e9 kalhoty rovn\u00e9ho st\u0159ihu.<br \/>\n\u00b7 Elastick\u00fd pas a nastaviteln\u00e1 stahovac\u00ed \u0161\u0148\u016frka.<br \/>\n\u00b7 Francouzsk\u00e9 kapsy.<br \/>Slo\u017een\u00ed: polyester 65% \/ bavlna 35%, kepr 195 g\/m\u00b2.<br \/>Pozn\u00e1mky: * Odn\u00edmateln\u00fd \u0161t\u00edtek.<br \/>\n* Unisexov\u00fd model.<br \/>\n* Model pro laborato\u0159e, zdravotnictv\u00ed, kr\u00e1su, potravin\u00e1\u0159stv\u00ed a \u00faklidov\u00fd sektor.<br \/><img decoding=\"async\" src=\"https:\/\/static.gorfactory.es\/pics\/measures\/PA_HO.jpg\"><\/p>","protected":false},"excerpt":{"rendered":"<p>Unisex straight-cut long trousers. \u00b7 Elastic waistband and adjustable drawstring. \u00b7 French pockets.Composition: 65% polyester \/ 35% cotton, 195 gsm<\/p>","protected":false},"featured_media":33615,"comment_status":"open","ping_status":"closed","template":"","meta":[],"product_cat":[568,563],"product_tag":[],"class_list":{"0":"post-33614","1":"product","2":"type-product","3":"status-publish","4":"has-post-thumbnail","6":"product_cat-san_est","7":"product_cat-workwear","9":"first","10":"instock","11":"shipping-taxable","12":"purchasable","13":"product-type-variable"},"_links":{"self":[{"href":"https:\/\/www.promotio.sk\/cs\/wp-json\/wp\/v2\/product\/33614","targetHints":{"allow":["GET"]}}],"collection":[{"href":"https:\/\/www.promotio.sk\/cs\/wp-json\/wp\/v2\/product"}],"about":[{"href":"https:\/\/www.promotio.sk\/cs\/wp-json\/wp\/v2\/types\/product"}],"replies":[{"embeddable":true,"href":"https:\/\/www.promotio.sk\/cs\/wp-json\/wp\/v2\/comments?post=33614"}],"wp:featuredmedia":[{"embeddable":true,"href":"https:\/\/www.promotio.sk\/cs\/wp-json\/wp\/v2\/media\/33615"}],"wp:attachment":[{"href":"https:\/\/www.promotio.sk\/cs\/wp-json\/wp\/v2\/media?parent=33614"}],"wp:term":[{"taxonomy":"product_cat","embeddable":true,"href":"https:\/\/www.promotio.sk\/cs\/wp-json\/wp\/v2\/product_cat?post=33614"},{"taxonomy":"product_tag","embeddable":true,"href":"https:\/\/www.promotio.sk\/cs\/wp-json\/wp\/v2\/product_tag?post=33614"}],"curies":[{"name":"wp","href":"https:\/\/api.w.org\/{rel}","templated":true}]}}