{"id":33546,"date":"2024-03-12T22:54:43","date_gmt":"2024-03-12T21:54:43","guid":{"rendered":"https:\/\/www.promotio.sk\/shop\/nezaraden\u00e9\/fiber\/"},"modified":"2024-03-12T23:10:59","modified_gmt":"2024-03-12T22:10:59","slug":"fiber","status":"publish","type":"product","link":"https:\/\/www.promotio.sk\/cs\/shop\/promo-clothing\/workwear\/san_est\/fiber\/","title":{"rendered":"VL\u00c1KNO"},"content":{"rendered":"<p>Unisex dlouh\u00e9 rovn\u00e9 kalhoty.<br \/>\n\u00b7 Elastick\u00fd pas a nastaviteln\u00e1 stahovac\u00ed \u0161\u0148\u016frka.<br \/>\n\u00b7 Francouzsk\u00e9 kapsy.<br \/>\n\u00b7 Man\u017eety na nohavic\u00edch.<br \/>Slo\u017een\u00ed: polyester 94% \/ elastan 6%, mikrovl\u00e1kno 170 g\/m\u00b2.<br \/>Pozn\u00e1mky: Odpov\u00eddaj\u00edc\u00ed od\u011bv: Top FEROX.<br \/>\n* Odn\u00edmateln\u00fd \u0161t\u00edtek.<br \/>\n*Unisex model.<br \/>\n*Laborato\u0159.<br \/>\n*Zdrav\u00ed.<br \/>\n*Kosmetika.<br \/>\n*J\u00eddlo.<br \/>\n*\u010ci\u0161t\u011bn\u00ed.<br \/><img decoding=\"async\" src=\"https:\/\/static.gorfactory.es\/pics\/measures\/PA_HO.jpg\"><\/p>","protected":false},"excerpt":{"rendered":"<p>Unisex straight long trousers. \u00b7 Elastic waistband and adjustable drawcord. \u00b7 French pockets. \u00b7 Cuffs on legs.Composition: 94% polyester \/<\/p>","protected":false},"featured_media":33547,"comment_status":"open","ping_status":"closed","template":"","meta":[],"product_cat":[568,563],"product_tag":[],"class_list":{"0":"post-33546","1":"product","2":"type-product","3":"status-publish","4":"has-post-thumbnail","6":"product_cat-san_est","7":"product_cat-workwear","9":"first","10":"instock","11":"shipping-taxable","12":"purchasable","13":"product-type-variable"},"_links":{"self":[{"href":"https:\/\/www.promotio.sk\/cs\/wp-json\/wp\/v2\/product\/33546","targetHints":{"allow":["GET"]}}],"collection":[{"href":"https:\/\/www.promotio.sk\/cs\/wp-json\/wp\/v2\/product"}],"about":[{"href":"https:\/\/www.promotio.sk\/cs\/wp-json\/wp\/v2\/types\/product"}],"replies":[{"embeddable":true,"href":"https:\/\/www.promotio.sk\/cs\/wp-json\/wp\/v2\/comments?post=33546"}],"wp:featuredmedia":[{"embeddable":true,"href":"https:\/\/www.promotio.sk\/cs\/wp-json\/wp\/v2\/media\/33547"}],"wp:attachment":[{"href":"https:\/\/www.promotio.sk\/cs\/wp-json\/wp\/v2\/media?parent=33546"}],"wp:term":[{"taxonomy":"product_cat","embeddable":true,"href":"https:\/\/www.promotio.sk\/cs\/wp-json\/wp\/v2\/product_cat?post=33546"},{"taxonomy":"product_tag","embeddable":true,"href":"https:\/\/www.promotio.sk\/cs\/wp-json\/wp\/v2\/product_tag?post=33546"}],"curies":[{"name":"wp","href":"https:\/\/api.w.org\/{rel}","templated":true}]}}