{"id":33452,"date":"2024-03-12T22:37:26","date_gmt":"2024-03-12T21:37:26","guid":{"rendered":"https:\/\/www.promotio.sk\/shop\/nezaraden\u00e9\/patrol\/"},"modified":"2024-03-12T22:51:55","modified_gmt":"2024-03-12T21:51:55","slug":"patrol","status":"publish","type":"product","link":"https:\/\/www.promotio.sk\/cs\/shop\/promo-clothing\/workwear\/horeca\/patrol\/","title":{"rendered":"HL\u00cdDKA"},"content":{"rendered":"<p>Dlouh\u00e9 unisex kalhoty z technick\u00e9 tkaniny. \u00b7 Nastaviteln\u00fd elastick\u00fd pas vzadu. \u00b7 Poutka na p\u00e1sek. \u00b7 Dv\u011b bo\u010dn\u00ed kapsy klasick\u00e9ho st\u0159ihu. \u00b7 Dv\u011b bo\u010dn\u00ed kapsy ve \u0161vech se skryt\u00fdmi zipy. \u00b7 Zadn\u00ed kapsa na druk. \u00b7 Sklady na kolenou. \u00b7 Dvojit\u00fd \u0161ev na vnit\u0159n\u00ed stran\u011b nohavice, v rozkroku a na lemu. \u00b7 PVC stahovac\u00ed p\u00e1sky a elastick\u00e9 p\u00e1sky na lemech.<br \/>Slo\u017een\u00ed: polyester 90% \/ elastan 10%, 235 g\/m\u00b2.<br \/><img decoding=\"async\" src=\"https:\/\/static.gorfactory.es\/pics\/measures\/PA_HO.jpg\"><\/p>","protected":false},"excerpt":{"rendered":"<p>Long unisex trousers in technical fabric. \u00b7 Back adjustable elastic waistband. \u00b7 Belt loops. \u00b7 Two side pockets in a<\/p>","protected":false},"featured_media":33453,"comment_status":"open","ping_status":"closed","template":"","meta":[],"product_cat":[564,563],"product_tag":[],"class_list":{"0":"post-33452","1":"product","2":"type-product","3":"status-publish","4":"has-post-thumbnail","6":"product_cat-horeca","7":"product_cat-workwear","9":"first","10":"instock","11":"shipping-taxable","12":"purchasable","13":"product-type-variable"},"_links":{"self":[{"href":"https:\/\/www.promotio.sk\/cs\/wp-json\/wp\/v2\/product\/33452","targetHints":{"allow":["GET"]}}],"collection":[{"href":"https:\/\/www.promotio.sk\/cs\/wp-json\/wp\/v2\/product"}],"about":[{"href":"https:\/\/www.promotio.sk\/cs\/wp-json\/wp\/v2\/types\/product"}],"replies":[{"embeddable":true,"href":"https:\/\/www.promotio.sk\/cs\/wp-json\/wp\/v2\/comments?post=33452"}],"wp:featuredmedia":[{"embeddable":true,"href":"https:\/\/www.promotio.sk\/cs\/wp-json\/wp\/v2\/media\/33453"}],"wp:attachment":[{"href":"https:\/\/www.promotio.sk\/cs\/wp-json\/wp\/v2\/media?parent=33452"}],"wp:term":[{"taxonomy":"product_cat","embeddable":true,"href":"https:\/\/www.promotio.sk\/cs\/wp-json\/wp\/v2\/product_cat?post=33452"},{"taxonomy":"product_tag","embeddable":true,"href":"https:\/\/www.promotio.sk\/cs\/wp-json\/wp\/v2\/product_tag?post=33452"}],"curies":[{"name":"wp","href":"https:\/\/api.w.org\/{rel}","templated":true}]}}