{"id":33392,"date":"2024-03-12T22:33:41","date_gmt":"2024-03-12T21:33:41","guid":{"rendered":"https:\/\/www.promotio.sk\/shop\/nezaraden\u00e9\/hilux\/"},"modified":"2024-03-12T22:50:28","modified_gmt":"2024-03-12T21:50:28","slug":"hilux","status":"publish","type":"product","link":"https:\/\/www.promotio.sk\/cs\/shop\/promo-clothing\/workwear\/horeca\/hilux\/","title":{"rendered":"HILUX"},"content":{"rendered":"<p>P\u00e1nsk\u00fd svetr s jemn\u00fdm pleten\u00edm a v\u00fdst\u0159ihem do V. \u017debrovan\u00fd lem, man\u017eety a spodn\u00ed lem slad\u011bn\u00fd s 1\u00d71.<br \/>Slo\u017een\u00ed: visk\u00f3za 50% \/ polyester 28% \/ polyamid 22%, GG12<br \/><img decoding=\"async\" src=\"https:\/\/static.gorfactory.es\/pics\/measures\/CL_HO.jpg\"><\/p>","protected":false},"excerpt":{"rendered":"<p>Fine knit V-neck jumper for men. Matching 1&#215;1 ribbed neck, cuffs and hem.Composition: 50% viscose \/ 28% polyester \/ 22%<\/p>","protected":false},"featured_media":33393,"comment_status":"open","ping_status":"closed","template":"","meta":[],"product_cat":[564,563],"product_tag":[],"class_list":{"0":"post-33392","1":"product","2":"type-product","3":"status-publish","4":"has-post-thumbnail","6":"product_cat-horeca","7":"product_cat-workwear","9":"first","10":"instock","11":"shipping-taxable","12":"purchasable","13":"product-type-variable"},"_links":{"self":[{"href":"https:\/\/www.promotio.sk\/cs\/wp-json\/wp\/v2\/product\/33392","targetHints":{"allow":["GET"]}}],"collection":[{"href":"https:\/\/www.promotio.sk\/cs\/wp-json\/wp\/v2\/product"}],"about":[{"href":"https:\/\/www.promotio.sk\/cs\/wp-json\/wp\/v2\/types\/product"}],"replies":[{"embeddable":true,"href":"https:\/\/www.promotio.sk\/cs\/wp-json\/wp\/v2\/comments?post=33392"}],"wp:featuredmedia":[{"embeddable":true,"href":"https:\/\/www.promotio.sk\/cs\/wp-json\/wp\/v2\/media\/33393"}],"wp:attachment":[{"href":"https:\/\/www.promotio.sk\/cs\/wp-json\/wp\/v2\/media?parent=33392"}],"wp:term":[{"taxonomy":"product_cat","embeddable":true,"href":"https:\/\/www.promotio.sk\/cs\/wp-json\/wp\/v2\/product_cat?post=33392"},{"taxonomy":"product_tag","embeddable":true,"href":"https:\/\/www.promotio.sk\/cs\/wp-json\/wp\/v2\/product_tag?post=33392"}],"curies":[{"name":"wp","href":"https:\/\/api.w.org\/{rel}","templated":true}]}}