{"id":33362,"date":"2024-03-12T21:00:58","date_gmt":"2024-03-12T20:00:58","guid":{"rendered":"https:\/\/www.promotio.sk\/shop\/nezaraden\u00e9\/maverick\/"},"modified":"2024-03-12T22:29:43","modified_gmt":"2024-03-12T21:29:43","slug":"maverick","status":"publish","type":"product","link":"https:\/\/www.promotio.sk\/cs\/shop\/promo-clothing\/workwear\/industry_services\/maverick\/","title":{"rendered":"MAVERICK"},"content":{"rendered":"<p>Svetr s polovi\u010dn\u00edmi zipy v barevn\u00e9 kombinaci s vysok\u00fdm l\u00edmcem.<br \/>\n\u00b7 Zes\u00edlen\u00e9 kryt\u00e9 \u0161vy na vnit\u0159n\u00edm l\u00edmci.<br \/>\n\u00b7 Kontrastn\u00ed ramena a detaily.<br \/>\n\u00b7 Polovi\u010dn\u00ed man\u017eeta a lem z \u017eebrovan\u00e9 l\u00e1tky 1\u00d71. <br \/>Slo\u017een\u00ed: 50% bavlna \/ 50% polyester, \u010desan\u00fd fleece, 280 gsm.<br \/>Pozn\u00e1mky: * Odn\u00edmateln\u00fd \u0161t\u00edtek.<br \/><img decoding=\"async\" src=\"https:\/\/static.gorfactory.es\/pics\/measures\/SU_HO.jpg\"><\/p>","protected":false},"excerpt":{"rendered":"<p>Half zip sweater in a colour combination design, with high collar. \u00b7 Reinforced covered seams on inner collar. \u00b7 Contrasting<\/p>","protected":false},"featured_media":33363,"comment_status":"open","ping_status":"closed","template":"","meta":[],"product_cat":[566,563],"product_tag":[],"class_list":{"0":"post-33362","1":"product","2":"type-product","3":"status-publish","4":"has-post-thumbnail","6":"product_cat-industry_services","7":"product_cat-workwear","9":"first","10":"instock","11":"shipping-taxable","12":"purchasable","13":"product-type-variable"},"_links":{"self":[{"href":"https:\/\/www.promotio.sk\/cs\/wp-json\/wp\/v2\/product\/33362","targetHints":{"allow":["GET"]}}],"collection":[{"href":"https:\/\/www.promotio.sk\/cs\/wp-json\/wp\/v2\/product"}],"about":[{"href":"https:\/\/www.promotio.sk\/cs\/wp-json\/wp\/v2\/types\/product"}],"replies":[{"embeddable":true,"href":"https:\/\/www.promotio.sk\/cs\/wp-json\/wp\/v2\/comments?post=33362"}],"wp:featuredmedia":[{"embeddable":true,"href":"https:\/\/www.promotio.sk\/cs\/wp-json\/wp\/v2\/media\/33363"}],"wp:attachment":[{"href":"https:\/\/www.promotio.sk\/cs\/wp-json\/wp\/v2\/media?parent=33362"}],"wp:term":[{"taxonomy":"product_cat","embeddable":true,"href":"https:\/\/www.promotio.sk\/cs\/wp-json\/wp\/v2\/product_cat?post=33362"},{"taxonomy":"product_tag","embeddable":true,"href":"https:\/\/www.promotio.sk\/cs\/wp-json\/wp\/v2\/product_tag?post=33362"}],"curies":[{"name":"wp","href":"https:\/\/api.w.org\/{rel}","templated":true}]}}