{"id":33330,"date":"2024-03-12T20:58:35","date_gmt":"2024-03-12T19:58:35","guid":{"rendered":"https:\/\/www.promotio.sk\/shop\/nezaraden\u00e9\/samurai\/"},"modified":"2024-03-12T22:27:40","modified_gmt":"2024-03-12T21:27:40","slug":"samurai","status":"publish","type":"product","link":"https:\/\/www.promotio.sk\/cs\/shop\/promo-clothing\/workwear\/industry_services\/samurai\/","title":{"rendered":"SAMURAJ"},"content":{"rendered":"<p>Antibakteri\u00e1ln\u00ed polo tri\u010dko s kr\u00e1tk\u00fdm ruk\u00e1vem v barevn\u00e9m proveden\u00ed.<br \/>\n\u00b7 L\u00edmec a polovi\u010dn\u00ed ruk\u00e1v s \u017eebrovan\u00fdm lemem 1\u00d71.<br \/>\n\u00b7 Zes\u00edlen\u00e9 kryt\u00e9 \u0161vy v l\u00edmci.<br \/>\n\u00b7 Zap\u00edn\u00e1n\u00ed na 2 knofl\u00edky.<br \/>\n\u00b7 Kontrastn\u00ed ramena a detaily.<br \/>\n\u00b7 Bo\u010dn\u00ed rozparky na lemu.<br \/>\n\u00b7 Voliteln\u00e1 kapsa.<br \/>\n <br \/>Slo\u017een\u00ed: 100% polyesterov\u00e9 pik\u00e9, 160 g\/m\u00b2.<br \/>Pozn\u00e1mky: * Odn\u00edmateln\u00fd \u0161t\u00edtek.<br \/><img decoding=\"async\" src=\"https:\/\/static.gorfactory.es\/pics\/measures\/PO_MC_HO.jpg\"><\/p>","protected":false},"excerpt":{"rendered":"<p>Antibacterial short-sleeve polo shirt in a colour combination design. \u00b7 Collar and half sleeve in 1&#215;1 ribbed trim. \u00b7 Reinforced<\/p>","protected":false},"featured_media":33331,"comment_status":"open","ping_status":"closed","template":"","meta":[],"product_cat":[566,563],"product_tag":[],"class_list":{"0":"post-33330","1":"product","2":"type-product","3":"status-publish","4":"has-post-thumbnail","6":"product_cat-industry_services","7":"product_cat-workwear","9":"first","10":"instock","11":"shipping-taxable","12":"purchasable","13":"product-type-variable"},"_links":{"self":[{"href":"https:\/\/www.promotio.sk\/cs\/wp-json\/wp\/v2\/product\/33330","targetHints":{"allow":["GET"]}}],"collection":[{"href":"https:\/\/www.promotio.sk\/cs\/wp-json\/wp\/v2\/product"}],"about":[{"href":"https:\/\/www.promotio.sk\/cs\/wp-json\/wp\/v2\/types\/product"}],"replies":[{"embeddable":true,"href":"https:\/\/www.promotio.sk\/cs\/wp-json\/wp\/v2\/comments?post=33330"}],"wp:featuredmedia":[{"embeddable":true,"href":"https:\/\/www.promotio.sk\/cs\/wp-json\/wp\/v2\/media\/33331"}],"wp:attachment":[{"href":"https:\/\/www.promotio.sk\/cs\/wp-json\/wp\/v2\/media?parent=33330"}],"wp:term":[{"taxonomy":"product_cat","embeddable":true,"href":"https:\/\/www.promotio.sk\/cs\/wp-json\/wp\/v2\/product_cat?post=33330"},{"taxonomy":"product_tag","embeddable":true,"href":"https:\/\/www.promotio.sk\/cs\/wp-json\/wp\/v2\/product_tag?post=33330"}],"curies":[{"name":"wp","href":"https:\/\/api.w.org\/{rel}","templated":true}]}}