{"id":33263,"date":"2024-03-12T20:54:36","date_gmt":"2024-03-12T19:54:36","guid":{"rendered":"https:\/\/www.promotio.sk\/shop\/nezaraden\u00e9\/fonta\/"},"modified":"2024-03-12T22:22:54","modified_gmt":"2024-03-12T21:22:54","slug":"fonta","status":"publish","type":"product","link":"https:\/\/www.promotio.sk\/cs\/shop\/promo-clothing\/workwear\/industry_services\/fonta\/","title":{"rendered":"FONTA"},"content":{"rendered":"<p>Siln\u00e9 dlouh\u00e9 kalhoty s elastanem.<br \/>\n\u00b7 Nastaviteln\u00fd elastick\u00fd pas po stran\u00e1ch.<br \/>\n\u00b7 Pohodln\u00e1 a odoln\u00e1 tkanina.<br \/>\n\u00b7 Zes\u00edlen\u00e9 trojit\u00e9 \u0161vy v rozkroku, na vnit\u0159n\u00ed stran\u011b nohavic a<br \/>\n  strany.<br \/>\n\u00b7 Kontrastn\u00ed lemov\u00e1n\u00ed \u0161v\u016f.<br \/>\n\u00b7 Dv\u011b p\u0159edn\u00ed kapsy a jedna na mince.<br \/>\n\u00b7 Dv\u011b funk\u010dn\u00ed zadn\u00ed kapsy. Prav\u00e1 s<br \/>\n   zap\u00edn\u00e1n\u00ed na klopu a such\u00fd zip.<br \/>\n\u00b7 Dv\u011b funk\u010dn\u00ed bo\u010dn\u00ed kapsy. Ta prav\u00e1 na<br \/>\n   N\u016f\u017e na \u0159ez\u00e1n\u00ed krabic. Lev\u00fd s chlopn\u00ed a such\u00fdm zipem.<br \/>\n   upevn\u011bn\u00ed.<br \/>Slo\u017een\u00ed: 98% bavlna, 2% elastan, 300 g\/m\u00b2.<br \/>\n<br \/>Pozn\u00e1mky: Kontrastn\u00ed logo na od\u011bvu.<br \/><img decoding=\"async\" src=\"https:\/\/static.gorfactory.es\/pics\/measures\/PA_HO.jpg\"><\/p>","protected":false},"excerpt":{"rendered":"<p>Thick long trousers with elastane. \u00b7 Adjustable elastic waistband on sides. \u00b7 Comfortable and resistant fabric. \u00b7 Reinforced triple seams<\/p>","protected":false},"featured_media":33264,"comment_status":"open","ping_status":"closed","template":"","meta":[],"product_cat":[566,563],"product_tag":[],"class_list":{"0":"post-33263","1":"product","2":"type-product","3":"status-publish","4":"has-post-thumbnail","6":"product_cat-industry_services","7":"product_cat-workwear","9":"first","10":"instock","11":"shipping-taxable","12":"purchasable","13":"product-type-variable"},"_links":{"self":[{"href":"https:\/\/www.promotio.sk\/cs\/wp-json\/wp\/v2\/product\/33263","targetHints":{"allow":["GET"]}}],"collection":[{"href":"https:\/\/www.promotio.sk\/cs\/wp-json\/wp\/v2\/product"}],"about":[{"href":"https:\/\/www.promotio.sk\/cs\/wp-json\/wp\/v2\/types\/product"}],"replies":[{"embeddable":true,"href":"https:\/\/www.promotio.sk\/cs\/wp-json\/wp\/v2\/comments?post=33263"}],"wp:featuredmedia":[{"embeddable":true,"href":"https:\/\/www.promotio.sk\/cs\/wp-json\/wp\/v2\/media\/33264"}],"wp:attachment":[{"href":"https:\/\/www.promotio.sk\/cs\/wp-json\/wp\/v2\/media?parent=33263"}],"wp:term":[{"taxonomy":"product_cat","embeddable":true,"href":"https:\/\/www.promotio.sk\/cs\/wp-json\/wp\/v2\/product_cat?post=33263"},{"taxonomy":"product_tag","embeddable":true,"href":"https:\/\/www.promotio.sk\/cs\/wp-json\/wp\/v2\/product_tag?post=33263"}],"curies":[{"name":"wp","href":"https:\/\/api.w.org\/{rel}","templated":true}]}}