{"id":33187,"date":"2024-03-12T20:49:59","date_gmt":"2024-03-12T19:49:59","guid":{"rendered":"https:\/\/www.promotio.sk\/shop\/nezaraden\u00e9\/daily-stretch\/"},"modified":"2024-03-12T22:23:12","modified_gmt":"2024-03-12T21:23:12","slug":"daily-stretch","status":"publish","type":"product","link":"https:\/\/www.promotio.sk\/cs\/shop\/promo-clothing\/workwear\/industry_services\/daily-stretch\/","title":{"rendered":"DENN\u00cd PROTA\u017dEN\u00cd"},"content":{"rendered":"<p>Dlouh\u00e9 kalhoty s elastanem.<br \/>\n\u00b7 Pohodln\u00e1 a nastaviteln\u00e1 l\u00e1tka.<br \/>\n\u00b7 Nastaviteln\u00fd elastick\u00fd pas vzadu.<br \/>\n\u00b7 Dv\u011b p\u0159edn\u00ed kapsy.<br \/>\n\u00b7 Dv\u011b funk\u010dn\u00ed zadn\u00ed kapsy s klopou a such\u00fdm zipem<br \/>\n   upevn\u011bn\u00ed.<br \/>\n\u00b7 Dv\u011b funk\u010dn\u00ed bo\u010dn\u00ed vsaden\u00e9 kapsy s klopou a<br \/>\n   zap\u00edn\u00e1n\u00ed na such\u00fd zip.<br \/>\n\u00b7 Kontrastn\u00ed \u0161vy.<br \/>Slo\u017een\u00ed: 65% polyester \/ 33% bavlna \/ 2% spandex, kepr 250 g\/m\u00b2.<br \/><img decoding=\"async\" src=\"https:\/\/static.gorfactory.es\/pics\/measures\/PA_HO.jpg\"><\/p>","protected":false},"excerpt":{"rendered":"<p>Long trousers with elastane. \u00b7 Comfortable and adjustable fabric. \u00b7 Back adjustable elastic waist. \u00b7 Two front pockets. \u00b7 Two<\/p>","protected":false},"featured_media":33188,"comment_status":"open","ping_status":"closed","template":"","meta":[],"product_cat":[566,563],"product_tag":[],"class_list":{"0":"post-33187","1":"product","2":"type-product","3":"status-publish","4":"has-post-thumbnail","6":"product_cat-industry_services","7":"product_cat-workwear","9":"first","10":"instock","11":"shipping-taxable","12":"purchasable","13":"product-type-variable"},"_links":{"self":[{"href":"https:\/\/www.promotio.sk\/cs\/wp-json\/wp\/v2\/product\/33187","targetHints":{"allow":["GET"]}}],"collection":[{"href":"https:\/\/www.promotio.sk\/cs\/wp-json\/wp\/v2\/product"}],"about":[{"href":"https:\/\/www.promotio.sk\/cs\/wp-json\/wp\/v2\/types\/product"}],"replies":[{"embeddable":true,"href":"https:\/\/www.promotio.sk\/cs\/wp-json\/wp\/v2\/comments?post=33187"}],"wp:featuredmedia":[{"embeddable":true,"href":"https:\/\/www.promotio.sk\/cs\/wp-json\/wp\/v2\/media\/33188"}],"wp:attachment":[{"href":"https:\/\/www.promotio.sk\/cs\/wp-json\/wp\/v2\/media?parent=33187"}],"wp:term":[{"taxonomy":"product_cat","embeddable":true,"href":"https:\/\/www.promotio.sk\/cs\/wp-json\/wp\/v2\/product_cat?post=33187"},{"taxonomy":"product_tag","embeddable":true,"href":"https:\/\/www.promotio.sk\/cs\/wp-json\/wp\/v2\/product_tag?post=33187"}],"curies":[{"name":"wp","href":"https:\/\/api.w.org\/{rel}","templated":true}]}}