{"id":33102,"date":"2024-03-12T20:44:39","date_gmt":"2024-03-12T19:44:39","guid":{"rendered":"https:\/\/www.promotio.sk\/shop\/nezaraden\u00e9\/daily-woman\/"},"modified":"2024-03-12T22:23:55","modified_gmt":"2024-03-12T21:23:55","slug":"daily-woman","status":"publish","type":"product","link":"https:\/\/www.promotio.sk\/cs\/shop\/promo-clothing\/workwear\/industry_services\/daily-woman\/","title":{"rendered":"DENN\u00cd \u017dENA"},"content":{"rendered":"<p>Dlouh\u00e9 pracovn\u00ed kalhoty rovn\u00e9ho st\u0159ihu z odoln\u00e9 tkaniny.<br \/>\n\u00b7 Nastaviteln\u00fd elastick\u00fd pas vzadu.<br \/>\n\u00b7 Dv\u011b p\u0159edn\u00ed kapsy.<br \/>\n\u00b7 Two back functional pockets with flap and velcro fastening.<br \/>\n\u00b7 One side functional pocket with flap, velcro fastening and pleat.<br \/>\n\u00b7 Zes\u00edlen\u00e1 vnit\u0159n\u00ed strana stehen.<br \/>\n\u00b7 Dvojit\u00e1 l\u00e1tka na chr\u00e1ni\u010d\u00edch kolen.<br \/>\n\u00b7 Small right side pocket without flap.<br \/>Composition: 65% polyester \/ 35% cotton, 235 gsm.<br \/>Pozn\u00e1mky: *Koncept Duo.<br \/><img decoding=\"async\" src=\"https:\/\/static.gorfactory.es\/pics\/measures\/PA_MU.jpg\"><\/p>","protected":false},"excerpt":{"rendered":"<p>Long straight-cut work trousers in resistant fabric. \u00b7 Adjustable elastic waistband at the back. \u00b7 Two front pockets. \u00b7 Two<\/p>","protected":false},"featured_media":33103,"comment_status":"open","ping_status":"closed","template":"","meta":[],"product_cat":[566,563],"product_tag":[],"class_list":{"0":"post-33102","1":"product","2":"type-product","3":"status-publish","4":"has-post-thumbnail","6":"product_cat-industry_services","7":"product_cat-workwear","9":"first","10":"instock","11":"shipping-taxable","12":"purchasable","13":"product-type-variable"},"_links":{"self":[{"href":"https:\/\/www.promotio.sk\/cs\/wp-json\/wp\/v2\/product\/33102","targetHints":{"allow":["GET"]}}],"collection":[{"href":"https:\/\/www.promotio.sk\/cs\/wp-json\/wp\/v2\/product"}],"about":[{"href":"https:\/\/www.promotio.sk\/cs\/wp-json\/wp\/v2\/types\/product"}],"replies":[{"embeddable":true,"href":"https:\/\/www.promotio.sk\/cs\/wp-json\/wp\/v2\/comments?post=33102"}],"wp:featuredmedia":[{"embeddable":true,"href":"https:\/\/www.promotio.sk\/cs\/wp-json\/wp\/v2\/media\/33103"}],"wp:attachment":[{"href":"https:\/\/www.promotio.sk\/cs\/wp-json\/wp\/v2\/media?parent=33102"}],"wp:term":[{"taxonomy":"product_cat","embeddable":true,"href":"https:\/\/www.promotio.sk\/cs\/wp-json\/wp\/v2\/product_cat?post=33102"},{"taxonomy":"product_tag","embeddable":true,"href":"https:\/\/www.promotio.sk\/cs\/wp-json\/wp\/v2\/product_tag?post=33102"}],"curies":[{"name":"wp","href":"https:\/\/api.w.org\/{rel}","templated":true}]}}