{"id":33063,"date":"2024-03-12T20:42:13","date_gmt":"2024-03-12T19:42:13","guid":{"rendered":"https:\/\/www.promotio.sk\/shop\/nezaraden\u00e9\/protect\/"},"modified":"2024-03-12T22:24:16","modified_gmt":"2024-03-12T21:24:16","slug":"protect","status":"publish","type":"product","link":"https:\/\/www.promotio.sk\/cs\/shop\/promo-clothing\/workwear\/industry_services\/protect\/","title":{"rendered":"PROTECT"},"content":{"rendered":"<p>Dlouh\u00e9 pracovn\u00ed kalhoty rovn\u00e9ho st\u0159ihu bez z\u00e1hyb\u016f.<br \/>\n\u00b7 Elastick\u00fd pas pro lep\u0161\u00ed nastaven\u00ed.<br \/>\n\u00b7 Dv\u011b zadn\u00ed kapsy a jedna bo\u010dn\u00ed kapsa se zipem na prav\u00e9 stran\u011b.<br \/>\n\u00b7 Dv\u011b bo\u010dn\u00ed kapsy, lev\u00e1 s klopou a m\u011bchem a vnit\u0159n\u00ed kapsou a prav\u00e1 s n\u011bkolika p\u0159ihr\u00e1dkami.<br \/>\n\u00b7 V\u011b\u0161\u00e1k na kl\u00ed\u010de na opasek.<br \/>\n\u00b7 Vnit\u0159n\u00ed kapsy pro ochranu kolen.<br \/>\n\u00b7 Poutka na p\u00e1sek vzadu a na bo\u010dn\u00edch kaps\u00e1ch.<br \/>\n<br \/>Slo\u017een\u00ed: 65% polyester \/ 35% bavlna, 245 g\/m\u00b2.<br \/>Pozn\u00e1mky: *Vysok\u00e1 kvalita.<br \/><img decoding=\"async\" src=\"https:\/\/static.gorfactory.es\/pics\/measures\/PA_HO.jpg\"><\/p>","protected":false},"excerpt":{"rendered":"<p>Long straight-cut work trousers without pleats. \u00b7 Elastic waistband for better adjustment. \u00b7 Two back pockets and a side one<\/p>","protected":false},"featured_media":33064,"comment_status":"open","ping_status":"closed","template":"","meta":[],"product_cat":[566,563],"product_tag":[],"class_list":{"0":"post-33063","1":"product","2":"type-product","3":"status-publish","4":"has-post-thumbnail","6":"product_cat-industry_services","7":"product_cat-workwear","9":"first","10":"instock","11":"shipping-taxable","12":"purchasable","13":"product-type-variable"},"_links":{"self":[{"href":"https:\/\/www.promotio.sk\/cs\/wp-json\/wp\/v2\/product\/33063","targetHints":{"allow":["GET"]}}],"collection":[{"href":"https:\/\/www.promotio.sk\/cs\/wp-json\/wp\/v2\/product"}],"about":[{"href":"https:\/\/www.promotio.sk\/cs\/wp-json\/wp\/v2\/types\/product"}],"replies":[{"embeddable":true,"href":"https:\/\/www.promotio.sk\/cs\/wp-json\/wp\/v2\/comments?post=33063"}],"wp:featuredmedia":[{"embeddable":true,"href":"https:\/\/www.promotio.sk\/cs\/wp-json\/wp\/v2\/media\/33064"}],"wp:attachment":[{"href":"https:\/\/www.promotio.sk\/cs\/wp-json\/wp\/v2\/media?parent=33063"}],"wp:term":[{"taxonomy":"product_cat","embeddable":true,"href":"https:\/\/www.promotio.sk\/cs\/wp-json\/wp\/v2\/product_cat?post=33063"},{"taxonomy":"product_tag","embeddable":true,"href":"https:\/\/www.promotio.sk\/cs\/wp-json\/wp\/v2\/product_tag?post=33063"}],"curies":[{"name":"wp","href":"https:\/\/api.w.org\/{rel}","templated":true}]}}