{"id":32950,"date":"2024-03-12T20:35:52","date_gmt":"2024-03-12T19:35:52","guid":{"rendered":"https:\/\/www.promotio.sk\/shop\/nezaraden\u00e9\/daily\/"},"modified":"2024-03-12T22:24:55","modified_gmt":"2024-03-12T21:24:55","slug":"daily","status":"publish","type":"product","link":"https:\/\/www.promotio.sk\/cs\/shop\/promo-clothing\/workwear\/industry_services\/daily\/","title":{"rendered":"DENN\u00cd"},"content":{"rendered":"<p>Dlouh\u00e9 pracovn\u00ed kalhoty rovn\u00e9ho st\u0159ihu z odoln\u00e9 tkaniny.<br \/>\n\u00b7 Nastaviteln\u00fd elastick\u00fd pas v zadn\u00ed \u010d\u00e1sti.<br \/>\n\u00b7 Dv\u011b p\u0159edn\u00ed kapsy.<br \/>\n\u00b7 Funk\u010dn\u00ed zadn\u00ed kapsa s klopou a zap\u00edn\u00e1n\u00edm na such\u00fd zip.<br \/>\n\u00b7 Dv\u011b funk\u010dn\u00ed bo\u010dn\u00ed kapsy s klopou a zap\u00edn\u00e1n\u00edm na such\u00fd zip.<br \/>\n\u00b7 Zes\u00edlen\u00e1 vnit\u0159n\u00ed strana stehen.<br \/>\n\u00b7 Dvojit\u00e1 l\u00e1tka na chr\u00e1ni\u010d\u00edch kolen.<br \/>\n<br \/>Slo\u017een\u00ed: 65% polyester \/ 35% bavlna, 240 g\/m\u00b2.<br \/>Pozn\u00e1mky: *Koncept Duo.<br \/><img decoding=\"async\" src=\"https:\/\/static.gorfactory.es\/pics\/measures\/PA_HO.jpg\"><\/p>","protected":false},"excerpt":{"rendered":"<p>Long straight-cut work trousers in resistant fabric. \u00b7 Adjustable elastic waist in the back. \u00b7 Two front pockets. \u00b7 Functional<\/p>","protected":false},"featured_media":32951,"comment_status":"open","ping_status":"closed","template":"","meta":[],"product_cat":[566,563],"product_tag":[],"class_list":{"0":"post-32950","1":"product","2":"type-product","3":"status-publish","4":"has-post-thumbnail","6":"product_cat-industry_services","7":"product_cat-workwear","9":"first","10":"instock","11":"shipping-taxable","12":"purchasable","13":"product-type-variable"},"_links":{"self":[{"href":"https:\/\/www.promotio.sk\/cs\/wp-json\/wp\/v2\/product\/32950","targetHints":{"allow":["GET"]}}],"collection":[{"href":"https:\/\/www.promotio.sk\/cs\/wp-json\/wp\/v2\/product"}],"about":[{"href":"https:\/\/www.promotio.sk\/cs\/wp-json\/wp\/v2\/types\/product"}],"replies":[{"embeddable":true,"href":"https:\/\/www.promotio.sk\/cs\/wp-json\/wp\/v2\/comments?post=32950"}],"wp:featuredmedia":[{"embeddable":true,"href":"https:\/\/www.promotio.sk\/cs\/wp-json\/wp\/v2\/media\/32951"}],"wp:attachment":[{"href":"https:\/\/www.promotio.sk\/cs\/wp-json\/wp\/v2\/media?parent=32950"}],"wp:term":[{"taxonomy":"product_cat","embeddable":true,"href":"https:\/\/www.promotio.sk\/cs\/wp-json\/wp\/v2\/product_cat?post=32950"},{"taxonomy":"product_tag","embeddable":true,"href":"https:\/\/www.promotio.sk\/cs\/wp-json\/wp\/v2\/product_tag?post=32950"}],"curies":[{"name":"wp","href":"https:\/\/api.w.org\/{rel}","templated":true}]}}