{"id":32841,"date":"2024-03-12T20:29:04","date_gmt":"2024-03-12T19:29:04","guid":{"rendered":"https:\/\/www.promotio.sk\/shop\/nezaraden\u00e9\/daily-woman-stretch\/"},"modified":"2024-03-12T22:25:51","modified_gmt":"2024-03-12T21:25:51","slug":"daily-woman-stretch","status":"publish","type":"product","link":"https:\/\/www.promotio.sk\/cs\/shop\/promo-clothing\/workwear\/industry_services\/daily-woman-stretch\/","title":{"rendered":"DENN\u00cd PROTA\u017dEN\u00cd \u017dEN"},"content":{"rendered":"<p>Dlouh\u00e9 d\u00e1msk\u00e9 kalhoty s elastanem.<br \/>\n\u00b7 Nastaviteln\u00fd elastick\u00fd pas vzadu.<br \/>\n\u00b7 Dv\u011b p\u0159edn\u00ed kapsy.<br \/>\n\u00b7 Dv\u011b funk\u010dn\u00ed zadn\u00ed kapsy s klopou a such\u00fdm zipem<br \/>\n   upevn\u011bn\u00ed.<br \/>\n\u00b7 Dv\u011b funk\u010dn\u00ed skl\u00e1dan\u00e9 bo\u010dn\u00ed kapsy s klopou a<br \/>\n   zap\u00edn\u00e1n\u00ed na such\u00fd zip.<br \/>\n\u00b7 Pohodln\u00e1 a nastaviteln\u00e1 l\u00e1tka.<br \/>\n\u00b7 Kontrastn\u00ed \u0161vy.<br \/>\n<br \/>Slo\u017een\u00ed: 65% polyester \/ 33% bavlna \/ 2% elastan, kepr 250 g\/m\u00b2.<br \/><img decoding=\"async\" src=\"https:\/\/static.gorfactory.es\/pics\/measures\/PA_HO.jpg\"><\/p>","protected":false},"excerpt":{"rendered":"<p>Long trousers for women with elastane. \u00b7 Back adjustable elastic waistband. \u00b7 Two front pockets. \u00b7 Two functional back pockets<\/p>","protected":false},"featured_media":32842,"comment_status":"open","ping_status":"closed","template":"","meta":[],"product_cat":[566,563],"product_tag":[],"class_list":{"0":"post-32841","1":"product","2":"type-product","3":"status-publish","4":"has-post-thumbnail","6":"product_cat-industry_services","7":"product_cat-workwear","9":"first","10":"instock","11":"shipping-taxable","12":"purchasable","13":"product-type-variable"},"_links":{"self":[{"href":"https:\/\/www.promotio.sk\/cs\/wp-json\/wp\/v2\/product\/32841","targetHints":{"allow":["GET"]}}],"collection":[{"href":"https:\/\/www.promotio.sk\/cs\/wp-json\/wp\/v2\/product"}],"about":[{"href":"https:\/\/www.promotio.sk\/cs\/wp-json\/wp\/v2\/types\/product"}],"replies":[{"embeddable":true,"href":"https:\/\/www.promotio.sk\/cs\/wp-json\/wp\/v2\/comments?post=32841"}],"wp:featuredmedia":[{"embeddable":true,"href":"https:\/\/www.promotio.sk\/cs\/wp-json\/wp\/v2\/media\/32842"}],"wp:attachment":[{"href":"https:\/\/www.promotio.sk\/cs\/wp-json\/wp\/v2\/media?parent=32841"}],"wp:term":[{"taxonomy":"product_cat","embeddable":true,"href":"https:\/\/www.promotio.sk\/cs\/wp-json\/wp\/v2\/product_cat?post=32841"},{"taxonomy":"product_tag","embeddable":true,"href":"https:\/\/www.promotio.sk\/cs\/wp-json\/wp\/v2\/product_tag?post=32841"}],"curies":[{"name":"wp","href":"https:\/\/api.w.org\/{rel}","templated":true}]}}